{"id":9833,"date":"2020-10-18T04:16:43","date_gmt":"2020-10-18T04:16:43","guid":{"rendered":"http:\/\/s832810198.onlinehome.us\/?page_id=9833"},"modified":"2025-04-01T21:15:32","modified_gmt":"2025-04-01T21:15:32","slug":"fiv","status":"publish","type":"page","link":"https:\/\/fertycare.com\/zh\/\u4f53\u5916\u53d7\u7cbe\/","title":{"rendered":"\u4f53\u5916\u53d7\u7cbe"},"content":{"rendered":"\t\t<div data-elementor-type=\"wp-page\" data-elementor-id=\"9833\" class=\"elementor elementor-9833\" data-elementor-settings=\"{&quot;element_pack_global_tooltip_width&quot;:{&quot;unit&quot;:&quot;px&quot;,&quot;size&quot;:&quot;&quot;,&quot;sizes&quot;:[]},&quot;element_pack_global_tooltip_width_tablet&quot;:{&quot;unit&quot;:&quot;px&quot;,&quot;size&quot;:&quot;&quot;,&quot;sizes&quot;:[]},&quot;element_pack_global_tooltip_width_mobile&quot;:{&quot;unit&quot;:&quot;px&quot;,&quot;size&quot;:&quot;&quot;,&quot;sizes&quot;:[]},&quot;element_pack_global_tooltip_padding&quot;:{&quot;unit&quot;:&quot;px&quot;,&quot;top&quot;:&quot;&quot;,&quot;right&quot;:&quot;&quot;,&quot;bottom&quot;:&quot;&quot;,&quot;left&quot;:&quot;&quot;,&quot;isLinked&quot;:true},&quot;element_pack_global_tooltip_padding_tablet&quot;:{&quot;unit&quot;:&quot;px&quot;,&quot;top&quot;:&quot;&quot;,&quot;right&quot;:&quot;&quot;,&quot;bottom&quot;:&quot;&quot;,&quot;left&quot;:&quot;&quot;,&quot;isLinked&quot;:true},&quot;element_pack_global_tooltip_padding_mobile&quot;:{&quot;unit&quot;:&quot;px&quot;,&quot;top&quot;:&quot;&quot;,&quot;right&quot;:&quot;&quot;,&quot;bottom&quot;:&quot;&quot;,&quot;left&quot;:&quot;&quot;,&quot;isLinked&quot;:true},&quot;element_pack_global_tooltip_border_radius&quot;:{&quot;unit&quot;:&quot;px&quot;,&quot;top&quot;:&quot;&quot;,&quot;right&quot;:&quot;&quot;,&quot;bottom&quot;:&quot;&quot;,&quot;left&quot;:&quot;&quot;,&quot;isLinked&quot;:true},&quot;element_pack_global_tooltip_border_radius_tablet&quot;:{&quot;unit&quot;:&quot;px&quot;,&quot;top&quot;:&quot;&quot;,&quot;right&quot;:&quot;&quot;,&quot;bottom&quot;:&quot;&quot;,&quot;left&quot;:&quot;&quot;,&quot;isLinked&quot;:true},&quot;element_pack_global_tooltip_border_radius_mobile&quot;:{&quot;unit&quot;:&quot;px&quot;,&quot;top&quot;:&quot;&quot;,&quot;right&quot;:&quot;&quot;,&quot;bottom&quot;:&quot;&quot;,&quot;left&quot;:&quot;&quot;,&quot;isLinked&quot;:true}}\" data-elementor-post-type=\"page\">\n\t\t\t\t\t\t<section class=\"elementor-section elementor-top-section elementor-element elementor-element-7c32431 elementor-section-boxed elementor-section-height-default elementor-section-height-default\" data-id=\"7c32431\" data-element_type=\"section\" data-e-type=\"section\" data-settings=\"{&quot;background_background&quot;:&quot;classic&quot;,&quot;background_motion_fx_motion_fx_scrolling&quot;:&quot;yes&quot;,&quot;background_motion_fx_scale_effect&quot;:&quot;yes&quot;,&quot;background_motion_fx_scale_speed&quot;:{&quot;unit&quot;:&quot;px&quot;,&quot;size&quot;:7,&quot;sizes&quot;:[]},&quot;background_motion_fx_scale_direction&quot;:&quot;out-in&quot;,&quot;background_motion_fx_scale_range&quot;:{&quot;unit&quot;:&quot;%&quot;,&quot;size&quot;:&quot;&quot;,&quot;sizes&quot;:{&quot;start&quot;:20,&quot;end&quot;:80}},&quot;background_motion_fx_devices&quot;:[&quot;desktop&quot;,&quot;tablet&quot;,&quot;mobile&quot;]}\">\n\t\t\t\t\t\t\t<div class=\"elementor-background-overlay\"><\/div>\n\t\t\t\t\t\t\t<div class=\"elementor-container elementor-column-gap-default\">\n\t\t\t\t\t<div class=\"elementor-column elementor-col-100 elementor-top-column elementor-element elementor-element-f2f9015\" data-id=\"f2f9015\" data-element_type=\"column\" data-e-type=\"column\">\n\t\t\t<div class=\"elementor-widget-wrap elementor-element-populated\">\n\t\t\t\t\t\t<div class=\"elementor-element elementor-element-b7fdbe7 elementor-widget elementor-widget-heading\" data-id=\"b7fdbe7\" data-element_type=\"widget\" data-e-type=\"widget\" data-widget_type=\"heading.default\">\n\t\t\t\t<div class=\"elementor-widget-container\">\n\t\t\t\t\t<h1 class=\"elementor-heading-title elementor-size-default\">FIV<\/h1>\t\t\t\t<\/div>\n\t\t\t\t<\/div>\n\t\t\t\t<div class=\"elementor-element elementor-element-e061f34 elementor-icon-list--layout-inline elementor-align-center elementor-list-item-link-full_width elementor-widget elementor-widget-icon-list\" data-id=\"e061f34\" data-element_type=\"widget\" data-e-type=\"widget\" data-widget_type=\"icon-list.default\">\n\t\t\t\t<div class=\"elementor-widget-container\">\n\t\t\t\t\t\t\t<ul class=\"elementor-icon-list-items elementor-inline-items\">\n\t\t\t\t\t\t\t<li class=\"elementor-icon-list-item elementor-inline-item\">\n\t\t\t\t\t\t\t\t\t\t<span class=\"elementor-icon-list-text\">Home<\/span>\n\t\t\t\t\t\t\t\t\t<\/li>\n\t\t\t\t\t\t\t\t<li class=\"elementor-icon-list-item elementor-inline-item\">\n\t\t\t\t\t\t\t\t\t\t\t<span class=\"elementor-icon-list-icon\">\n\t\t\t\t\t\t\t<i aria-hidden=\"true\" class=\"fas fa-chevron-right\"><\/i>\t\t\t\t\t\t<\/span>\n\t\t\t\t\t\t\t\t\t\t<span class=\"elementor-icon-list-text\">FIV<\/span>\n\t\t\t\t\t\t\t\t\t<\/li>\n\t\t\t\t\t\t<\/ul>\n\t\t\t\t\t\t<\/div>\n\t\t\t\t<\/div>\n\t\t\t\t\t<\/div>\n\t\t<\/div>\n\t\t\t\t\t<\/div>\n\t\t<\/section>\n\t\t<div class=\"elementor-element elementor-element-b26659d e-flex e-con-boxed e-con e-parent\" data-id=\"b26659d\" data-element_type=\"container\" data-e-type=\"container\">\n\t\t\t\t\t<div class=\"e-con-inner\">\n\t\t\t\t<div class=\"elementor-element elementor-element-8ceaf55 elementor-widget elementor-widget-heading\" data-id=\"8ceaf55\" data-element_type=\"widget\" data-e-type=\"widget\" data-widget_type=\"heading.default\">\n\t\t\t\t<div class=\"elementor-widget-container\">\n\t\t\t\t\t<h2 class=\"elementor-heading-title elementor-size-default\">Fertilizaci\u00f3n In Vitro (FIV) - \u00bfQu\u00e9 es?<\/h2>\t\t\t\t<\/div>\n\t\t\t\t<\/div>\n\t\t\t\t<div class=\"elementor-element elementor-element-d2a6e76 elementor-widget elementor-widget-text-editor\" data-id=\"d2a6e76\" data-element_type=\"widget\" data-e-type=\"widget\" data-widget_type=\"text-editor.default\">\n\t\t\t\t<div class=\"elementor-widget-container\">\n\t\t\t\t\t\t\t\t\t<p>La Fecundaci\u00f3n In Vitro (FIV) es un tratamiento de fertilidad en Reproducci\u00f3n Asistida, que consiste en extraer los \u00f3vulos de los ovarios de la mujer mediante una punci\u00f3n folicular y, posteriormente, fecundarlos en un laboratorio con los espermatozoides del hombre (o, si es el caso, de un donante de esperma). Seguidamente, se observa la evoluci\u00f3n de los embriones en cultivo hasta que se transfieren al \u00fatero de la mujer a fin de lograr el embarazo.<\/p><p>En FIV se distinguen los siguientes tipos:<\/p><p>FIV convencional.- Se ponen en la misma placa de cultivo los \u00f3vulos y los espermatozoides, a la espera de que sean capaces de fusionarse por s\u00ed solos.<br \/>ICSI (inyecci\u00f3n intracitoplasm\u00e1tica de espermatozoides).- El espermatozoide es introducido directamente en el interior del \u00f3vulo a trav\u00e9s de una microinyecci\u00f3n.<\/p><p>El tipo de FIV a realizar depender\u00e1 de las condiciones de infertilidad de cada pareja, as\u00ed como de las preferencias de cada centro de reproducci\u00f3n asistida.<\/p>\t\t\t\t\t\t\t\t<\/div>\n\t\t\t\t<\/div>\n\t\t\t\t<div class=\"elementor-element elementor-element-1e7e6ee elementor-widget elementor-widget-heading\" data-id=\"1e7e6ee\" data-element_type=\"widget\" data-e-type=\"widget\" data-widget_type=\"heading.default\">\n\t\t\t\t<div class=\"elementor-widget-container\">\n\t\t\t\t\t<h2 class=\"elementor-heading-title elementor-size-default\">FIV con FeryCare<\/h2>\t\t\t\t<\/div>\n\t\t\t\t<\/div>\n\t\t\t\t<div class=\"elementor-element elementor-element-289ec48 elementor-widget elementor-widget-text-editor\" data-id=\"289ec48\" data-element_type=\"widget\" data-e-type=\"widget\" data-widget_type=\"text-editor.default\">\n\t\t\t\t<div class=\"elementor-widget-container\">\n\t\t\t\t\t\t\t\t\t<p>Nuestros procesos de fertilizaci\u00f3n se llevan a cabo con estrictos procesos en nuestras cl\u00ednicas aliadas. Ofrecemos precios competitivos y aseguramos la m\u00e1s alta calidad en el manejo de los gametos. Los costos depender\u00e1n de tus requerimientos y necesidades.<\/p><p>Mediante la FIV (Fertilizaci\u00f3n In Vitro) aseguramos la selecci\u00f3n de los mejores embriones para ser transferidos y aumentar las probabilidades de embarazo en la mujer (ya sea a la madre gen\u00e9tica o a la <span style=\"text-decoration: underline; color: #ffcc00;\"><a style=\"color: #ffcc00; text-decoration: underline;\" href=\"https:\/\/fertycare.com\/subrogacion\/\">madre subrogada<\/a><\/span>).<\/p><p>La FIV se acompa\u00f1a de otras t\u00e9cnicas que tambi\u00e9n est\u00e1n disponibles haciendo de este proceso algo completo y seguro para los padres intencionados.<\/p>\t\t\t\t\t\t\t\t<\/div>\n\t\t\t\t<\/div>\n\t\t\t\t\t<\/div>\n\t\t\t\t<\/div>\n\t\t\t\t<section class=\"elementor-section elementor-top-section elementor-element elementor-element-0fa3056 elementor-section-boxed elementor-section-height-default elementor-section-height-default\" data-id=\"0fa3056\" data-element_type=\"section\" data-e-type=\"section\">\n\t\t\t\t\t\t\t<div class=\"elementor-background-overlay\"><\/div>\n\t\t\t\t\t\t\t<div class=\"elementor-container elementor-column-gap-default\">\n\t\t\t\t\t<div class=\"elementor-column elementor-col-50 elementor-top-column elementor-element elementor-element-2dd1b88 elementor-invisible\" data-id=\"2dd1b88\" data-element_type=\"column\" data-e-type=\"column\" data-settings=\"{&quot;animation&quot;:&quot;fadeInLeft&quot;}\">\n\t\t\t<div class=\"elementor-widget-wrap elementor-element-populated\">\n\t\t\t\t\t\t<div class=\"elementor-element elementor-element-02daa04 elementor-widget elementor-widget-image\" data-id=\"02daa04\" data-element_type=\"widget\" data-e-type=\"widget\" data-widget_type=\"image.default\">\n\t\t\t\t<div class=\"elementor-widget-container\">\n\t\t\t\t\t\t\t\t\t\t\t\t\t\t\t<img fetchpriority=\"high\" decoding=\"async\" width=\"864\" height=\"864\" src=\"https:\/\/fertycare.com\/wp-content\/uploads\/2025\/02\/Banner-Cuadrado-Web.gif\" class=\"attachment-full size-full wp-image-13195\" alt=\"\" \/>\t\t\t\t\t\t\t\t\t\t\t\t\t\t\t<\/div>\n\t\t\t\t<\/div>\n\t\t\t\t\t<\/div>\n\t\t<\/div>\n\t\t\t\t<div class=\"elementor-column elementor-col-50 elementor-top-column elementor-element elementor-element-a8030b0 elementor-invisible\" data-id=\"a8030b0\" data-element_type=\"column\" data-e-type=\"column\" data-settings=\"{&quot;animation&quot;:&quot;fadeInRight&quot;}\">\n\t\t\t<div class=\"elementor-widget-wrap elementor-element-populated\">\n\t\t\t\t\t\t<div class=\"elementor-element elementor-element-462415d elementor-widget elementor-widget-heading\" data-id=\"462415d\" data-element_type=\"widget\" data-e-type=\"widget\" data-widget_type=\"heading.default\">\n\t\t\t\t<div class=\"elementor-widget-container\">\n\t\t\t\t\t<h6 class=\"elementor-heading-title elementor-size-default\">Habla con Nosotros<\/h6>\t\t\t\t<\/div>\n\t\t\t\t<\/div>\n\t\t\t\t<div class=\"elementor-element elementor-element-2f3db18 elementor-widget elementor-widget-heading\" data-id=\"2f3db18\" data-element_type=\"widget\" data-e-type=\"widget\" data-widget_type=\"heading.default\">\n\t\t\t\t<div class=\"elementor-widget-container\">\n\t\t\t\t\t<h2 class=\"elementor-heading-title elementor-size-default\">Da el primer paso hacia tus sue\u00f1os<\/h2>\t\t\t\t<\/div>\n\t\t\t\t<\/div>\n\t\t\t\t<div class=\"elementor-element elementor-element-45a1225 elementor-widget elementor-widget-text-editor\" data-id=\"45a1225\" data-element_type=\"widget\" data-e-type=\"widget\" data-widget_type=\"text-editor.default\">\n\t\t\t\t<div class=\"elementor-widget-container\">\n\t\t\t\t\t\t\t\t\t<p>Te invitamos a ponerte en contacto con nosotros para agendar tu cita virtual con nuestros directivos. En FertyCare, entendemos que el sue\u00f1o de formar una familia no es una decisi\u00f3n ligera; es por eso que te ofrecemos un espacio seguro y respetuoso, sin acoso comercial. Tu bienestar y comodidad es nuestra prioridad desde el inicio de tu sue\u00f1o, estamos aqu\u00ed para apoyarte en cada paso del camino.<\/p>\t\t\t\t\t\t\t\t<\/div>\n\t\t\t\t<\/div>\n\t\t\t\t<div class=\"elementor-element elementor-element-ebe2490 elementor-widget elementor-widget-text-editor\" data-id=\"ebe2490\" data-element_type=\"widget\" data-e-type=\"widget\" data-widget_type=\"text-editor.default\">\n\t\t\t\t<div class=\"elementor-widget-container\">\n\t\t\t\t\t\t\t\t\t<h6>\u00bfEst\u00e1s listx para vivir la experiencia <strong>FertyCare<\/strong>?<\/h6>\t\t\t\t\t\t\t\t<\/div>\n\t\t\t\t<\/div>\n\t\t\t\t<div class=\"elementor-element elementor-element-82c5f85 elementor-widget elementor-widget-button\" data-id=\"82c5f85\" data-element_type=\"widget\" data-e-type=\"widget\" data-widget_type=\"button.default\">\n\t\t\t\t<div class=\"elementor-widget-container\">\n\t\t\t\t\t\t\t\t\t<div class=\"elementor-button-wrapper\">\n\t\t\t\t\t<a class=\"elementor-button elementor-button-link elementor-size-sm\" href=\"https:\/\/fertycare.com\/agenda-una-cita\/\">\n\t\t\t\t\t\t<span class=\"elementor-button-content-wrapper\">\n\t\t\t\t\t\t\t\t\t<span class=\"elementor-button-text\">Agenda una cita<\/span>\n\t\t\t\t\t<\/span>\n\t\t\t\t\t<\/a>\n\t\t\t\t<\/div>\n\t\t\t\t\t\t\t\t<\/div>\n\t\t\t\t<\/div>\n\t\t\t\t\t<\/div>\n\t\t<\/div>\n\t\t\t\t\t<\/div>\n\t\t<\/section>\n\t\t\t\t<\/div>\n\t\t","protected":false},"excerpt":{"rendered":"<p>Home Fertilizaci\u00f3n In Vitro (FIV) &#8211; \u00bfQu\u00e9 es? La Fecundaci\u00f3n In Vitro (FIV) es un tratamiento de fertilidad en Reproducci\u00f3n Asistida, que consiste en extraer los \u00f3vulos de los ovarios de la mujer mediante una punci\u00f3n folicular y, posteriormente, fecundarlos en un laboratorio con los espermatozoides del hombre (o, si es el caso, de un [&hellip;]<\/p>\n","protected":false},"author":2,"featured_media":0,"parent":0,"menu_order":0,"comment_status":"open","ping_status":"closed","template":"elementor_header_footer","meta":{"inline_featured_image":false,"_monsterinsights_skip_tracking":false,"_monsterinsights_sitenote_active":false,"_monsterinsights_sitenote_note":"","_monsterinsights_sitenote_category":0,"_joinchat":[],"footnotes":""},"class_list":["post-9833","page","type-page","status-publish","hentry"],"yoast_head":"<!-- This site is optimized with the Yoast SEO plugin v27.4 - https:\/\/yoast.com\/product\/yoast-seo-wordpress\/ -->\n<title>FIV (fertilizaci\u00f3n in Vitro) | FertyCare<\/title>\n<meta name=\"description\" content=\"Nuestros procesos de fertilizaci\u00f3n se llevan a cabo en nuestras cl\u00ednicas asociadas. Precios competitivos y alta calidad en el manejo de los gametos.\" \/>\n<meta name=\"robots\" content=\"index, follow, max-snippet:-1, max-image-preview:large, max-video-preview:-1\" \/>\n<link rel=\"canonical\" href=\"https:\/\/fertycare.com\/zh\/\u4f53\u5916\u53d7\u7cbe\/\" \/>\n<meta property=\"og:locale\" content=\"zh_CN\" \/>\n<meta property=\"og:type\" content=\"article\" \/>\n<meta property=\"og:title\" content=\"FIV (fertilizaci\u00f3n in Vitro) | FertyCare\" \/>\n<meta property=\"og:description\" content=\"Nuestros procesos de fertilizaci\u00f3n se llevan a cabo en nuestras cl\u00ednicas asociadas. Precios competitivos y alta calidad en el manejo de los gametos.\" \/>\n<meta property=\"og:url\" content=\"https:\/\/fertycare.com\/zh\/\u4f53\u5916\u53d7\u7cbe\/\" \/>\n<meta property=\"og:site_name\" content=\"FertyCare\" \/>\n<meta property=\"article:publisher\" content=\"https:\/\/www.facebook.com\/fertycare\/\" \/>\n<meta property=\"article:modified_time\" content=\"2025-04-01T21:15:32+00:00\" \/>\n<meta property=\"og:image\" content=\"https:\/\/fertycare.com\/wp-content\/uploads\/2025\/02\/Banner-Cuadrado-Web.gif\" \/>\n<meta name=\"twitter:card\" content=\"summary_large_image\" \/>\n<meta name=\"twitter:label1\" content=\"\u9884\u8ba1\u9605\u8bfb\u65f6\u95f4\" \/>\n\t<meta name=\"twitter:data1\" content=\"2 \u5206\" \/>\n<script type=\"application\/ld+json\" class=\"yoast-schema-graph\">{\"@context\":\"https:\\\/\\\/schema.org\",\"@graph\":[{\"@type\":\"WebPage\",\"@id\":\"https:\\\/\\\/fertycare.com\\\/fiv\\\/\",\"url\":\"https:\\\/\\\/fertycare.com\\\/fiv\\\/\",\"name\":\"FIV (fertilizaci\u00f3n in Vitro) | FertyCare\",\"isPartOf\":{\"@id\":\"https:\\\/\\\/fertycare.com\\\/#website\"},\"primaryImageOfPage\":{\"@id\":\"https:\\\/\\\/fertycare.com\\\/fiv\\\/#primaryimage\"},\"image\":{\"@id\":\"https:\\\/\\\/fertycare.com\\\/fiv\\\/#primaryimage\"},\"thumbnailUrl\":\"https:\\\/\\\/fertycare.com\\\/wp-content\\\/uploads\\\/2025\\\/02\\\/Banner-Cuadrado-Web.gif\",\"datePublished\":\"2020-10-18T04:16:43+00:00\",\"dateModified\":\"2025-04-01T21:15:32+00:00\",\"description\":\"Nuestros procesos de fertilizaci\u00f3n se llevan a cabo en nuestras cl\u00ednicas asociadas. Precios competitivos y alta calidad en el manejo de los gametos.\",\"breadcrumb\":{\"@id\":\"https:\\\/\\\/fertycare.com\\\/fiv\\\/#breadcrumb\"},\"inLanguage\":\"zh-Hans\",\"potentialAction\":[{\"@type\":\"ReadAction\",\"target\":[\"https:\\\/\\\/fertycare.com\\\/fiv\\\/\"]}]},{\"@type\":\"ImageObject\",\"inLanguage\":\"zh-Hans\",\"@id\":\"https:\\\/\\\/fertycare.com\\\/fiv\\\/#primaryimage\",\"url\":\"https:\\\/\\\/fertycare.com\\\/wp-content\\\/uploads\\\/2025\\\/02\\\/Banner-Cuadrado-Web.gif\",\"contentUrl\":\"https:\\\/\\\/fertycare.com\\\/wp-content\\\/uploads\\\/2025\\\/02\\\/Banner-Cuadrado-Web.gif\"},{\"@type\":\"BreadcrumbList\",\"@id\":\"https:\\\/\\\/fertycare.com\\\/fiv\\\/#breadcrumb\",\"itemListElement\":[{\"@type\":\"ListItem\",\"position\":1,\"name\":\"Inicio\",\"item\":\"https:\\\/\\\/fertycare.com\\\/\"},{\"@type\":\"ListItem\",\"position\":2,\"name\":\"FIV\"}]},{\"@type\":\"WebSite\",\"@id\":\"https:\\\/\\\/fertycare.com\\\/#website\",\"url\":\"https:\\\/\\\/fertycare.com\\\/\",\"name\":\"FertyCare\",\"description\":\"Fertilidad y Servicios M\u00e9dicos de Calidad Accesibles\",\"publisher\":{\"@id\":\"https:\\\/\\\/fertycare.com\\\/#organization\"},\"alternateName\":\"FC\",\"potentialAction\":[{\"@type\":\"SearchAction\",\"target\":{\"@type\":\"EntryPoint\",\"urlTemplate\":\"https:\\\/\\\/fertycare.com\\\/?s={search_term_string}\"},\"query-input\":{\"@type\":\"PropertyValueSpecification\",\"valueRequired\":true,\"valueName\":\"search_term_string\"}}],\"inLanguage\":\"zh-Hans\"},{\"@type\":\"Organization\",\"@id\":\"https:\\\/\\\/fertycare.com\\\/#organization\",\"name\":\"FertyCare | Especialistas en Fertilidad\",\"alternateName\":\"FC\",\"url\":\"https:\\\/\\\/fertycare.com\\\/\",\"logo\":{\"@type\":\"ImageObject\",\"inLanguage\":\"zh-Hans\",\"@id\":\"https:\\\/\\\/fertycare.com\\\/#\\\/schema\\\/logo\\\/image\\\/\",\"url\":\"https:\\\/\\\/fertycare.com\\\/wp-content\\\/uploads\\\/2020\\\/10\\\/logo-03.svg\",\"contentUrl\":\"https:\\\/\\\/fertycare.com\\\/wp-content\\\/uploads\\\/2020\\\/10\\\/logo-03.svg\",\"width\":459,\"height\":179,\"caption\":\"FertyCare | Especialistas en Fertilidad\"},\"image\":{\"@id\":\"https:\\\/\\\/fertycare.com\\\/#\\\/schema\\\/logo\\\/image\\\/\"},\"sameAs\":[\"https:\\\/\\\/www.facebook.com\\\/fertycare\\\/\",\"https:\\\/\\\/www.instagram.com\\\/fertycare\\\/\",\"https:\\\/\\\/www.youtube.com\\\/channel\\\/UCSAMhfofTi2TsJJ9pJC2H5Q\"]}]}<\/script>\n<!-- \/ Yoast SEO plugin. -->","yoast_head_json":{"title":"IVF\uff08\u4f53\u5916\u53d7\u7cbe\uff09|\u798f\u8482\u62a4\u7406","description":"\u6211\u4eec\u7684\u53d7\u7cbe\u8fc7\u7a0b\u5728\u6211\u4eec\u7684\u76f8\u5173\u8bca\u6240\u8fdb\u884c\u3002\u914d\u5b50\u5904\u7406\u65b9\u9762\u5177\u6709\u7ade\u4e89\u529b\u7684\u4ef7\u683c\u548c\u9ad8\u8d28\u91cf\u3002","robots":{"index":"index","follow":"follow","max-snippet":"max-snippet:-1","max-image-preview":"max-image-preview:large","max-video-preview":"max-video-preview:-1"},"canonical":"https:\/\/fertycare.com\/zh\/\u4f53\u5916\u53d7\u7cbe\/","og_locale":"zh_CN","og_type":"article","og_title":"FIV (fertilizaci\u00f3n in Vitro) | FertyCare","og_description":"Nuestros procesos de fertilizaci\u00f3n se llevan a cabo en nuestras cl\u00ednicas asociadas. Precios competitivos y alta calidad en el manejo de los gametos.","og_url":"https:\/\/fertycare.com\/zh\/\u4f53\u5916\u53d7\u7cbe\/","og_site_name":"FertyCare","article_publisher":"https:\/\/www.facebook.com\/fertycare\/","article_modified_time":"2025-04-01T21:15:32+00:00","og_image":[{"url":"https:\/\/fertycare.com\/wp-content\/uploads\/2025\/02\/Banner-Cuadrado-Web.gif","type":"","width":"","height":""}],"twitter_card":"summary_large_image","twitter_misc":{"\u9884\u8ba1\u9605\u8bfb\u65f6\u95f4":"2 \u5206"},"schema":{"@context":"https:\/\/schema.org","@graph":[{"@type":"WebPage","@id":"https:\/\/fertycare.com\/fiv\/","url":"https:\/\/fertycare.com\/fiv\/","name":"IVF\uff08\u4f53\u5916\u53d7\u7cbe\uff09|\u798f\u8482\u62a4\u7406","isPartOf":{"@id":"https:\/\/fertycare.com\/#website"},"primaryImageOfPage":{"@id":"https:\/\/fertycare.com\/fiv\/#primaryimage"},"image":{"@id":"https:\/\/fertycare.com\/fiv\/#primaryimage"},"thumbnailUrl":"https:\/\/fertycare.com\/wp-content\/uploads\/2025\/02\/Banner-Cuadrado-Web.gif","datePublished":"2020-10-18T04:16:43+00:00","dateModified":"2025-04-01T21:15:32+00:00","description":"\u6211\u4eec\u7684\u53d7\u7cbe\u8fc7\u7a0b\u5728\u6211\u4eec\u7684\u76f8\u5173\u8bca\u6240\u8fdb\u884c\u3002\u914d\u5b50\u5904\u7406\u65b9\u9762\u5177\u6709\u7ade\u4e89\u529b\u7684\u4ef7\u683c\u548c\u9ad8\u8d28\u91cf\u3002","breadcrumb":{"@id":"https:\/\/fertycare.com\/fiv\/#breadcrumb"},"inLanguage":"zh-Hans","potentialAction":[{"@type":"ReadAction","target":["https:\/\/fertycare.com\/fiv\/"]}]},{"@type":"ImageObject","inLanguage":"zh-Hans","@id":"https:\/\/fertycare.com\/fiv\/#primaryimage","url":"https:\/\/fertycare.com\/wp-content\/uploads\/2025\/02\/Banner-Cuadrado-Web.gif","contentUrl":"https:\/\/fertycare.com\/wp-content\/uploads\/2025\/02\/Banner-Cuadrado-Web.gif"},{"@type":"BreadcrumbList","@id":"https:\/\/fertycare.com\/fiv\/#breadcrumb","itemListElement":[{"@type":"ListItem","position":1,"name":"Inicio","item":"https:\/\/fertycare.com\/"},{"@type":"ListItem","position":2,"name":"FIV"}]},{"@type":"WebSite","@id":"https:\/\/fertycare.com\/#website","url":"https:\/\/fertycare.com\/","name":"\u798f\u8482\u62a4\u7406","description":"\u8d1f\u62c5\u5f97\u8d77\u7684\u751f\u80b2\u548c\u4f18\u8d28\u533b\u7597\u670d\u52a1","publisher":{"@id":"https:\/\/fertycare.com\/#organization"},"alternateName":"FC","potentialAction":[{"@type":"SearchAction","target":{"@type":"EntryPoint","urlTemplate":"https:\/\/fertycare.com\/?s={search_term_string}"},"query-input":{"@type":"PropertyValueSpecification","valueRequired":true,"valueName":"search_term_string"}}],"inLanguage":"zh-Hans"},{"@type":"Organization","@id":"https:\/\/fertycare.com\/#organization","name":"\u8d39\u8482\u62a4\u7406|\u751f\u80b2\u4e13\u5bb6","alternateName":"FC","url":"https:\/\/fertycare.com\/","logo":{"@type":"ImageObject","inLanguage":"zh-Hans","@id":"https:\/\/fertycare.com\/#\/schema\/logo\/image\/","url":"https:\/\/fertycare.com\/wp-content\/uploads\/2020\/10\/logo-03.svg","contentUrl":"https:\/\/fertycare.com\/wp-content\/uploads\/2020\/10\/logo-03.svg","width":459,"height":179,"caption":"FertyCare | Especialistas en Fertilidad"},"image":{"@id":"https:\/\/fertycare.com\/#\/schema\/logo\/image\/"},"sameAs":["https:\/\/www.facebook.com\/fertycare\/","https:\/\/www.instagram.com\/fertycare\/","https:\/\/www.youtube.com\/channel\/UCSAMhfofTi2TsJJ9pJC2H5Q"]}]}},"_links":{"self":[{"href":"https:\/\/fertycare.com\/zh\/wp-json\/wp\/v2\/pages\/9833","targetHints":{"allow":["GET"]}}],"collection":[{"href":"https:\/\/fertycare.com\/zh\/wp-json\/wp\/v2\/pages"}],"about":[{"href":"https:\/\/fertycare.com\/zh\/wp-json\/wp\/v2\/types\/page"}],"author":[{"embeddable":true,"href":"https:\/\/fertycare.com\/zh\/wp-json\/wp\/v2\/users\/2"}],"replies":[{"embeddable":true,"href":"https:\/\/fertycare.com\/zh\/wp-json\/wp\/v2\/comments?post=9833"}],"version-history":[{"count":7,"href":"https:\/\/fertycare.com\/zh\/wp-json\/wp\/v2\/pages\/9833\/revisions"}],"predecessor-version":[{"id":14248,"href":"https:\/\/fertycare.com\/zh\/wp-json\/wp\/v2\/pages\/9833\/revisions\/14248"}],"wp:attachment":[{"href":"https:\/\/fertycare.com\/zh\/wp-json\/wp\/v2\/media?parent=9833"}],"curies":[{"name":"\u53ef\u6e7f\u6027\u7c89\u5242","href":"https:\/\/api.w.org\/{rel}","templated":true}]}}