{"id":10485,"date":"2020-11-14T02:01:30","date_gmt":"2020-11-14T02:01:30","guid":{"rendered":"http:\/\/s832810198.onlinehome.us\/?page_id=10485"},"modified":"2025-02-14T22:30:22","modified_gmt":"2025-02-14T22:30:22","slug":"aviso-de-privacidad","status":"publish","type":"page","link":"https:\/\/fertycare.com\/zh\/\u9690\u79c1\u58f0\u660e\/","title":{"rendered":"\u9690\u79c1\u653f\u7b56"},"content":{"rendered":"<div data-elementor-type=\"wp-page\" data-elementor-id=\"10485\" class=\"elementor elementor-10485\" data-elementor-settings=\"{&quot;element_pack_global_tooltip_width&quot;:{&quot;unit&quot;:&quot;px&quot;,&quot;size&quot;:&quot;&quot;,&quot;sizes&quot;:[]},&quot;element_pack_global_tooltip_width_tablet&quot;:{&quot;unit&quot;:&quot;px&quot;,&quot;size&quot;:&quot;&quot;,&quot;sizes&quot;:[]},&quot;element_pack_global_tooltip_width_mobile&quot;:{&quot;unit&quot;:&quot;px&quot;,&quot;size&quot;:&quot;&quot;,&quot;sizes&quot;:[]},&quot;element_pack_global_tooltip_padding&quot;:{&quot;unit&quot;:&quot;px&quot;,&quot;top&quot;:&quot;&quot;,&quot;right&quot;:&quot;&quot;,&quot;bottom&quot;:&quot;&quot;,&quot;left&quot;:&quot;&quot;,&quot;isLinked&quot;:true},&quot;element_pack_global_tooltip_padding_tablet&quot;:{&quot;unit&quot;:&quot;px&quot;,&quot;top&quot;:&quot;&quot;,&quot;right&quot;:&quot;&quot;,&quot;bottom&quot;:&quot;&quot;,&quot;left&quot;:&quot;&quot;,&quot;isLinked&quot;:true},&quot;element_pack_global_tooltip_padding_mobile&quot;:{&quot;unit&quot;:&quot;px&quot;,&quot;top&quot;:&quot;&quot;,&quot;right&quot;:&quot;&quot;,&quot;bottom&quot;:&quot;&quot;,&quot;left&quot;:&quot;&quot;,&quot;isLinked&quot;:true},&quot;element_pack_global_tooltip_border_radius&quot;:{&quot;unit&quot;:&quot;px&quot;,&quot;top&quot;:&quot;&quot;,&quot;right&quot;:&quot;&quot;,&quot;bottom&quot;:&quot;&quot;,&quot;left&quot;:&quot;&quot;,&quot;isLinked&quot;:true},&quot;element_pack_global_tooltip_border_radius_tablet&quot;:{&quot;unit&quot;:&quot;px&quot;,&quot;top&quot;:&quot;&quot;,&quot;right&quot;:&quot;&quot;,&quot;bottom&quot;:&quot;&quot;,&quot;left&quot;:&quot;&quot;,&quot;isLinked&quot;:true},&quot;element_pack_global_tooltip_border_radius_mobile&quot;:{&quot;unit&quot;:&quot;px&quot;,&quot;top&quot;:&quot;&quot;,&quot;right&quot;:&quot;&quot;,&quot;bottom&quot;:&quot;&quot;,&quot;left&quot;:&quot;&quot;,&quot;isLinked&quot;:true}}\" data-elementor-post-type=\"page\">\n\t\t\t\t<div class=\"elementor-element elementor-element-1a8cd845 e-flex e-con-boxed e-con e-parent\" data-id=\"1a8cd845\" data-element_type=\"container\" data-e-type=\"container\">\n\t\t\t\t\t<div class=\"e-con-inner\">\n\t\t\t\t<div class=\"elementor-element elementor-element-10a32472 elementor-widget elementor-widget-text-editor\" data-id=\"10a32472\" data-element_type=\"widget\" data-e-type=\"widget\" data-widget_type=\"text-editor.default\">\n\t\t\t\t<div class=\"elementor-widget-container\">\n\t\t\t\t\t\t\t\t\t<h2 class=\"entry-title\">\u9690\u79c1\u58f0\u660e<\/h2><p>\u672c\u9690\u79c1\u653f\u7b56\u89c4\u5b9a\u4e86 Fertycare Group SC \u4f7f\u7528\u548c\u4fdd\u62a4\u5176\u7528\u6237\u5728\u4f7f\u7528\u5176\u7f51\u7ad9\u65f6\u63d0\u4f9b\u7684\u4fe1\u606f\u7684\u6761\u6b3e\u3002\u8be5\u516c\u53f8\u81f4\u529b\u4e8e\u4fdd\u62a4\u7528\u6237\u6570\u636e\u7684\u5b89\u5168\u3002\u5f53\u6211\u4eec\u8981\u6c42\u60a8\u586b\u5199\u53ef\u8bc6\u522b\u60a8\u8eab\u4efd\u7684\u4e2a\u4eba\u4fe1\u606f\u5b57\u6bb5\u65f6\uff0c\u6211\u4eec\u4f1a\u786e\u4fdd\u4ec5\u6839\u636e\u672c\u6587\u6863\u7684\u6761\u6b3e\u4f7f\u7528\u8be5\u4fe1\u606f\u3002\u7136\u800c\uff0c\u672c\u9690\u79c1\u653f\u7b56\u53ef\u80fd\u4f1a\u968f\u7740\u65f6\u95f4\u7684\u63a8\u79fb\u800c\u6539\u53d8\u6216\u66f4\u65b0\uff0c\u56e0\u6b64\u6211\u4eec\u5efa\u8bae\u5e76\u5f3a\u8c03\u60a8\u4e0d\u65ad\u67e5\u770b\u6b64\u9875\u9762\uff0c\u4ee5\u786e\u4fdd\u60a8\u540c\u610f\u6b64\u7c7b\u66f4\u6539\u3002<\/p>\t\t\t\t\t\t\t\t<\/div>\n\t\t\t\t<\/div>\n\t\t\t\t\t<\/div>\n\t\t\t\t<\/div>\n\t\t<div class=\"elementor-element elementor-element-ee0d869 e-flex e-con-boxed e-con e-parent\" data-id=\"ee0d869\" data-element_type=\"container\" data-e-type=\"container\">\n\t\t\t\t\t<div class=\"e-con-inner\">\n\t\t\t\t<div class=\"elementor-element elementor-element-7e68534 elementor-widget elementor-widget-bdt-tabs\" data-id=\"7e68534\" data-element_type=\"widget\" data-e-type=\"widget\" data-widget_type=\"bdt-tabs.default\">\n\t\t\t\t<div class=\"elementor-widget-container\">\n\t\t\t\t\t        <div class=\"bdt-tabs-area\">\n\n            <div id=\"bdt-tabs-7e68534-9186\" class=\"bdt-tabs  bdt-tabs-default\" data-settings=\"{&quot;id&quot;:&quot;bdt-tabs-7e68534-9186&quot;,&quot;activeHash&quot;:&quot;no&quot;,&quot;hashTopOffset&quot;:70,&quot;hashScrollspyTime&quot;:1500,&quot;navStickyOffset&quot;:1,&quot;linkWidgetId&quot;:&quot;7e68534-9186&quot;}\">\n                        <div class=\"bdt-tab-wrapper\">\n            <div class=\"bdt-tabs-wrap-inside\">\n                <div class=\"bdt-tab bdt-tab-default\" data-bdt-tab=\"connect: #bdt-tab-content-7e68534-9186;\" data-bdt-height-match=\"target: &gt; .bdt-tabs-item &gt; .bdt-tabs-item-title; row: false;\">\n                                            <div class=\"bdt-tabs-item\">\n                            <a data-title=\"Informaci\u00f3n-que-es-recogida\" class=\"bdt-tabs-item-title\" id=\"bdt-tab-Informaci\u00f3n-que-es-recogida\" data-tab-index=\"0\" href=\"#\">\n                                <div class=\"bdt-tab-text-wrapper bdt-flex-column\">\n\n                                    <div class=\"bdt-tab-title-icon-wrapper\">\n\n                                        \n                                                                                    <span class=\"bdt-tab-text\">\n                                                \u6536\u96c6\u7684\u4fe1\u606f                                            <\/span>\n                                        \n                                        \n                                    <\/div>\n\n                                    \n                                <\/div>\n                            <\/a>\n                        <\/div>\n                                            <div class=\"bdt-tabs-item\">\n                            <a data-title=\"Uso-de-la-informaci\u00f3n-recogida\" class=\"bdt-tabs-item-title\" id=\"bdt-tab-Uso-de-la-informaci\u00f3n-recogida\" data-tab-index=\"1\" href=\"#\">\n                                <div class=\"bdt-tab-text-wrapper bdt-flex-column\">\n\n                                    <div class=\"bdt-tab-title-icon-wrapper\">\n\n                                        \n                                                                                    <span class=\"bdt-tab-text\">\n                                                \u6536\u96c6\u4fe1\u606f\u7684\u4f7f\u7528                                            <\/span>\n                                        \n                                        \n                                    <\/div>\n\n                                    \n                                <\/div>\n                            <\/a>\n                        <\/div>\n                                            <div class=\"bdt-tabs-item\">\n                            <a data-title=\"Cookies\" class=\"bdt-tabs-item-title\" id=\"bdt-tab-Cookies\" data-tab-index=\"2\" href=\"#\">\n                                <div class=\"bdt-tab-text-wrapper bdt-flex-column\">\n\n                                    <div class=\"bdt-tab-title-icon-wrapper\">\n\n                                        \n                                                                                    <span class=\"bdt-tab-text\">\n                                                \u66f2\u5947\u997c                                            <\/span>\n                                        \n                                        \n                                    <\/div>\n\n                                    \n                                <\/div>\n                            <\/a>\n                        <\/div>\n                                            <div class=\"bdt-tabs-item\">\n                            <a data-title=\"Enlaces-a-terceros\" class=\"bdt-tabs-item-title\" id=\"bdt-tab-Enlaces-a-terceros\" data-tab-index=\"3\" href=\"#\">\n                                <div class=\"bdt-tab-text-wrapper bdt-flex-column\">\n\n                                    <div class=\"bdt-tab-title-icon-wrapper\">\n\n                                        \n                                                                                    <span class=\"bdt-tab-text\">\n                                                \u7b2c\u4e09\u65b9\u94fe\u63a5                                            <\/span>\n                                        \n                                        \n                                    <\/div>\n\n                                    \n                                <\/div>\n                            <\/a>\n                        <\/div>\n                                    <\/div>\n            <\/div>\n        <\/div>\n\n        <div class=\"bdt-switcher-wrapper\">\n            <div id=\"bdt-tab-content-7e68534-9186\" class=\"bdt-switcher bdt-switcher-item-content\">\n                                                        <div class=\"bdt-tab-content-item\" \n                    data-content-id=\"informaci-n-que-es-recogida\">\n                        <div>\n                            <div class=\"dt-sc-tabs-horizontal-container\"><div class=\"dt-sc-tabs-horizontal-content\"><div class=\"dt-sc-title with-right-border-decor\"><p>\u6211\u4eec\u7684\u7f51\u7ad9\u53ef\u80fd\u4f1a\u6536\u96c6\u4e2a\u4eba\u4fe1\u606f\uff0c\u4f8b\u5982\uff1a\u59d3\u540d\u3001\u8054\u7cfb\u4fe1\u606f\uff08\u4f8b\u5982\u60a8\u7684\u7535\u5b50\u90ae\u4ef6\u5730\u5740\uff09\u548c\u4eba\u53e3\u7edf\u8ba1\u4fe1\u606f\u3002\u540c\u6837\uff0c\u5728\u5fc5\u8981\u65f6\uff0c\u53ef\u80fd\u9700\u8981\u7279\u5b9a\u4fe1\u606f\u6765\u5904\u7406\u8ba2\u5355\u6216\u8fdb\u884c\u4ea4\u4ed8\u6216\u8ba1\u8d39\u3002<\/p><\/div><\/div><\/div>                        <\/div>\n                    <\/div>\n                                                        <div class=\"bdt-tab-content-item\" \n                    data-content-id=\"uso-de-la-informaci-n-recogida\">\n                        <div>\n                            <div class=\"dt-sc-tabs-horizontal-container\"><div class=\"dt-sc-tabs-horizontal-content\"><div class=\"dt-sc-title with-right-border-decor\"><p>\u6211\u4eec\u7684\u7f51\u7ad9\u4f7f\u7528\u8fd9\u4e9b\u4fe1\u606f\u662f\u4e3a\u4e86\u63d0\u4f9b\u5c3d\u53ef\u80fd\u6700\u597d\u7684\u670d\u52a1\uff0c\u7279\u522b\u662f\u7ef4\u62a4\u7528\u6237\u8bb0\u5f55\u3001\u8ba2\u5355\uff08\u5982\u679c\u9002\u7528\uff09\u4ee5\u53ca\u6539\u8fdb\u6211\u4eec\u7684\u4ea7\u54c1\u548c\u670d\u52a1\u3002\u6211\u4eec\u7684\u7f51\u7ad9\u53ef\u80fd\u4f1a\u5b9a\u671f\u53d1\u9001\u7535\u5b50\u90ae\u4ef6\uff0c\u5176\u4e2d\u5305\u542b\u6211\u4eec\u8ba4\u4e3a\u4e0e\u60a8\u76f8\u5173\u6216\u53ef\u80fd\u4e3a\u60a8\u5e26\u6765\u4e00\u4e9b\u597d\u5904\u7684\u7279\u522b\u4f18\u60e0\u3001\u65b0\u4ea7\u54c1\u548c\u5176\u4ed6\u5e7f\u544a\u4fe1\u606f\uff0c\u8fd9\u4e9b\u7535\u5b50\u90ae\u4ef6\u5c06\u53d1\u9001\u5230\u60a8\u63d0\u4f9b\u7684\u5730\u5740\uff0c\u5e76\u4e14\u53ef\u80fd\u968f\u65f6\u53d6\u6d88\u3002<\/p><p>Fertycare Group SC \u9ad8\u5ea6\u81f4\u529b\u4e8e\u5c65\u884c\u4fdd\u62a4\u60a8\u7684\u4fe1\u606f\u5b89\u5168\u7684\u627f\u8bfa\u3002\u6211\u4eec\u4f7f\u7528\u6700\u5148\u8fdb\u7684\u7cfb\u7edf\u5e76\u4e0d\u65ad\u66f4\u65b0\u5b83\u4eec\u4ee5\u786e\u4fdd\u6ca1\u6709\u672a\u7ecf\u6388\u6743\u7684\u8bbf\u95ee\u3002<\/p><\/div><\/div><\/div>                        <\/div>\n                    <\/div>\n                                                        <div class=\"bdt-tab-content-item\" \n                    data-content-id=\"cookies\">\n                        <div>\n                            <p>Cookie \u662f\u6307\u4e3a\u4e86\u8bf7\u6c42\u5728\u60a8\u7684\u8ba1\u7b97\u673a\u4e0a\u5b58\u50a8\u7684\u6743\u9650\u800c\u53d1\u9001\u7684\u6587\u4ef6\uff0c\u5728\u63a5\u53d7\u8be5\u6587\u4ef6\u540e\uff0c\u8be5\u6587\u4ef6\u5c06\u88ab\u521b\u5efa\uff0c\u7136\u540e\u4f7f\u7528 Cookie \u6765\u83b7\u53d6\u6709\u5173\u7f51\u7edc\u6d41\u91cf\u7684\u4fe1\u606f\uff0c\u5e76\u4e14\u8fd8\u53ef\u4ee5\u65b9\u4fbf\u60a8\u5c06\u6765\u8bbf\u95ee\u67d0\u4e2a\u7f51\u7ad9\u3002\u7f51\u7ad9\u3002 Cookie \u7684\u53e6\u4e00\u4e2a\u529f\u80fd\u662f\uff0c\u901a\u8fc7\u5b83\u4eec\uff0c\u7f51\u7ad9\u53ef\u4ee5\u5355\u72ec\u8bc6\u522b\u60a8\uff0c\u4ece\u800c\u5728\u5176\u7f51\u7ad9\u4e0a\u4e3a\u60a8\u63d0\u4f9b\u6700\u4f73\u7684\u4e2a\u6027\u5316\u670d\u52a1\u3002<\/p><p>\u6211\u4eec\u7684\u7f51\u7ad9\u4f7f\u7528 cookie \u6765\u8bc6\u522b\u8bbf\u95ee\u7684\u9875\u9762\u53ca\u5176\u9891\u7387\u3002\u8be5\u4fe1\u606f\u4ec5\u7528\u4e8e\u7edf\u8ba1\u5206\u6790\uff0c\u7136\u540e\u8be5\u4fe1\u606f\u5c06\u88ab\u6c38\u4e45\u5220\u9664\u3002\u60a8\u53ef\u4ee5\u968f\u65f6\u4ece\u8ba1\u7b97\u673a\u4e2d\u5220\u9664 cookie\u3002\u7136\u800c\uff0ccookie \u6709\u52a9\u4e8e\u5728\u7f51\u7ad9\u4e0a\u63d0\u4f9b\u66f4\u597d\u7684\u670d\u52a1\uff0c\u5b83\u4eec\u4e0d\u4f1a\u63d0\u4f9b\u6765\u81ea\u60a8\u7684\u8ba1\u7b97\u673a\u6216\u60a8\u7684\u4fe1\u606f\u7684\u8bbf\u95ee\u6743\u9650\uff0c\u9664\u975e\u60a8\u9700\u8981\u5e76\u5728\u8bbf\u95ee\u7f51\u7ad9\u65f6\u76f4\u63a5\u63d0\u4f9b\u8be5\u4fe1\u606f\u3002<\/p><p>\u60a8\u53ef\u4ee5\u63a5\u53d7\u6216\u62d2\u7edd\u4f7f\u7528 cookie\uff0c\u4f46\u5927\u591a\u6570\u6d4f\u89c8\u5668\u4f1a\u81ea\u52a8\u63a5\u53d7 cookie\uff0c\u56e0\u4e3a\u5b83\u6709\u52a9\u4e8e\u63d0\u4f9b\u66f4\u597d\u7684\u7f51\u7edc\u670d\u52a1\u3002\u60a8\u8fd8\u53ef\u4ee5\u66f4\u6539\u8ba1\u7b97\u673a\u8bbe\u7f6e\u4ee5\u62d2\u7edd cookie\u3002\u5982\u679c\u4ed6\u4eec\u62d2\u7edd\uff0c\u60a8\u53ef\u80fd\u65e0\u6cd5\u4f7f\u7528\u6211\u4eec\u7684\u67d0\u4e9b\u670d\u52a1\u3002<\/p>                        <\/div>\n                    <\/div>\n                                                        <div class=\"bdt-tab-content-item\" \n                    data-content-id=\"enlaces-a-terceros\">\n                        <div>\n                            <p>\u672c\u7f51\u7ad9\u53ef\u80fd\u5305\u542b\u60a8\u53ef\u80fd\u611f\u5174\u8da3\u7684\u5176\u4ed6\u7f51\u7ad9\u7684\u94fe\u63a5\u3002\u4e00\u65e6\u60a8\u70b9\u51fb\u8fd9\u4e9b\u94fe\u63a5\u5e76\u79bb\u5f00\u6211\u4eec\u7684\u9875\u9762\uff0c\u6211\u4eec\u5c06\u4e0d\u518d\u63a7\u5236\u60a8\u88ab\u91cd\u5b9a\u5411\u5230\u7684\u7f51\u7ad9\uff0c\u56e0\u6b64\u6211\u4eec\u4e0d\u5bf9\u8fd9\u4e9b\u5176\u4ed6\u7b2c\u4e09\u65b9\u7f51\u7ad9\u4e0a\u7684\u6761\u6b3e\u6216\u9690\u79c1\u6216\u6570\u636e\u4fdd\u62a4\u8d1f\u8d23\u3002\u8fd9\u4e9b\u7f51\u7ad9\u53d7\u5176\u81ea\u5df1\u7684\u9690\u79c1\u653f\u7b56\u7684\u7ea6\u675f\uff0c\u56e0\u6b64\u5efa\u8bae\u60a8\u54a8\u8be2\u4ed6\u4eec\u4ee5\u786e\u8ba4\u60a8\u540c\u610f\u4ed6\u4eec\u7684\u89c2\u70b9\u3002<\/p>                        <\/div>\n                    <\/div>\n                            <\/div>\n        <\/div>\n                    <a href=\"#\" id=\"bottom-anchor-7e68534-9186\" data-bdt-hidden><\/a>\n            <\/div>\n        <\/div>\n    \t\t\t\t<\/div>\n\t\t\t\t<\/div>\n\t\t\t\t\t<\/div>\n\t\t\t\t<\/div>\n\t\t<div class=\"elementor-element elementor-element-420ef03 e-flex e-con-boxed e-con e-parent\" data-id=\"420ef03\" data-element_type=\"container\" data-e-type=\"container\">\n\t\t\t\t\t<div class=\"e-con-inner\">\n\t\t\t\t<div class=\"elementor-element elementor-element-8d79036 elementor-widget elementor-widget-text-editor\" data-id=\"8d79036\" data-element_type=\"widget\" data-e-type=\"widget\" data-widget_type=\"text-editor.default\">\n\t\t\t\t<div class=\"elementor-widget-container\">\n\t\t\t\t\t\t\t\t\t<h2>\u63a7\u5236\u60a8\u7684\u4e2a\u4eba\u4fe1\u606f<\/h2><p>\u60a8\u53ef\u4ee5\u968f\u65f6\u9650\u5236\u5411\u6211\u4eec\u7f51\u7ad9\u63d0\u4f9b\u7684\u4e2a\u4eba\u4fe1\u606f\u7684\u6536\u96c6\u6216\u4f7f\u7528\u3002\u6bcf\u6b21\u8981\u6c42\u60a8\u586b\u5199\u8868\u683c\uff08\u4f8b\u5982\u7528\u6237\u6ce8\u518c\u8868\uff09\u65f6\uff0c\u60a8\u90fd\u53ef\u4ee5\u9009\u4e2d\u6216\u53d6\u6d88\u9009\u4e2d\u901a\u8fc7\u7535\u5b50\u90ae\u4ef6\u63a5\u6536\u4fe1\u606f\u7684\u9009\u9879\u3002\u5982\u679c\u60a8\u9009\u62e9\u4e86\u63a5\u6536\u6211\u4eec\u7684\u65b0\u95fb\u901a\u8baf\u6216\u5e7f\u544a\u7684\u9009\u9879\uff0c\u60a8\u53ef\u4ee5\u968f\u65f6\u53d6\u6d88\u3002<\/p><p>\u9664\u975e\u6cd5\u5b98\u6709\u6cd5\u5ead\u547d\u4ee4\u8981\u6c42\uff0c\u5426\u5219\u672c\u516c\u53f8\u4e0d\u4f1a\u51fa\u552e\u3001\u8f6c\u8ba9\u6216\u5206\u53d1\u672a\u7ecf\u60a8\u540c\u610f\u800c\u6536\u96c6\u7684\u4e2a\u4eba\u4fe1\u606f\u3002<br \/>Fertycare Group SC \u4fdd\u7559\u968f\u65f6\u66f4\u6539\u672c\u9690\u79c1\u653f\u7b56\u6761\u6b3e\u7684\u6743\u5229\u3002<\/p>\t\t\t\t\t\t\t\t<\/div>\n\t\t\t\t<\/div>\n\t\t\t\t\t<\/div>\n\t\t\t\t<\/div>\n\t\t\t\t<\/div>","protected":false},"excerpt":{"rendered":"<p>AVISO DE PRIVACIDAD El presente Pol\u00edtica de Privacidad establece los t\u00e9rminos en que Fertycare Group SC usa y protege la informaci\u00f3n que es proporcionada por sus usuarios al momento de utilizar su sitio web. Esta compa\u00f1\u00eda est\u00e1 comprometida con la seguridad de los datos de sus usuarios. Cuando le pedimos llenar los campos de informaci\u00f3n [&hellip;]<\/p>\n","protected":false},"author":2,"featured_media":0,"parent":0,"menu_order":0,"comment_status":"closed","ping_status":"closed","template":"","meta":{"inline_featured_image":false,"_monsterinsights_skip_tracking":false,"_monsterinsights_sitenote_active":false,"_monsterinsights_sitenote_note":"","_monsterinsights_sitenote_category":0,"_joinchat":[],"footnotes":""},"class_list":["post-10485","page","type-page","status-publish","hentry"],"yoast_head":"<!-- This site is optimized with the Yoast SEO plugin v27.4 - https:\/\/yoast.com\/product\/yoast-seo-wordpress\/ -->\n<title>Pol\u00edticas de privacidad | FertyCare<\/title>\n<meta name=\"robots\" content=\"index, follow, max-snippet:-1, max-image-preview:large, max-video-preview:-1\" \/>\n<link rel=\"canonical\" href=\"https:\/\/fertycare.com\/zh\/\u9690\u79c1\u58f0\u660e\/\" \/>\n<meta property=\"og:locale\" content=\"zh_CN\" \/>\n<meta property=\"og:type\" content=\"article\" \/>\n<meta property=\"og:title\" content=\"Pol\u00edticas de privacidad | FertyCare\" \/>\n<meta property=\"og:description\" content=\"AVISO DE PRIVACIDAD El presente Pol\u00edtica de Privacidad establece los t\u00e9rminos en que Fertycare Group SC usa y protege la informaci\u00f3n que es proporcionada por sus usuarios al momento de utilizar su sitio web. Esta compa\u00f1\u00eda est\u00e1 comprometida con la seguridad de los datos de sus usuarios. Cuando le pedimos llenar los campos de informaci\u00f3n [&hellip;]\" \/>\n<meta property=\"og:url\" content=\"https:\/\/fertycare.com\/zh\/\u9690\u79c1\u58f0\u660e\/\" \/>\n<meta property=\"og:site_name\" content=\"FertyCare\" \/>\n<meta property=\"article:publisher\" content=\"https:\/\/www.facebook.com\/fertycare\/\" \/>\n<meta property=\"article:modified_time\" content=\"2025-02-14T22:30:22+00:00\" \/>\n<meta property=\"og:image\" content=\"https:\/\/fertycare.com\/wp-content\/uploads\/2023\/06\/Portada-FertyCare.jpg\" \/>\n\t<meta property=\"og:image:width\" content=\"1200\" \/>\n\t<meta property=\"og:image:height\" content=\"675\" \/>\n\t<meta property=\"og:image:type\" content=\"image\/jpeg\" \/>\n<meta name=\"twitter:card\" content=\"summary_large_image\" \/>\n<meta name=\"twitter:label1\" content=\"\u9884\u8ba1\u9605\u8bfb\u65f6\u95f4\" \/>\n\t<meta name=\"twitter:data1\" content=\"4 \u5206\" \/>\n<script type=\"application\/ld+json\" class=\"yoast-schema-graph\">{\"@context\":\"https:\\\/\\\/schema.org\",\"@graph\":[{\"@type\":\"WebPage\",\"@id\":\"https:\\\/\\\/fertycare.com\\\/aviso-de-privacidad\\\/\",\"url\":\"https:\\\/\\\/fertycare.com\\\/aviso-de-privacidad\\\/\",\"name\":\"Pol\u00edticas de privacidad | FertyCare\",\"isPartOf\":{\"@id\":\"https:\\\/\\\/fertycare.com\\\/#website\"},\"datePublished\":\"2020-11-14T02:01:30+00:00\",\"dateModified\":\"2025-02-14T22:30:22+00:00\",\"breadcrumb\":{\"@id\":\"https:\\\/\\\/fertycare.com\\\/aviso-de-privacidad\\\/#breadcrumb\"},\"inLanguage\":\"zh-Hans\",\"potentialAction\":[{\"@type\":\"ReadAction\",\"target\":[\"https:\\\/\\\/fertycare.com\\\/aviso-de-privacidad\\\/\"]}]},{\"@type\":\"BreadcrumbList\",\"@id\":\"https:\\\/\\\/fertycare.com\\\/aviso-de-privacidad\\\/#breadcrumb\",\"itemListElement\":[{\"@type\":\"ListItem\",\"position\":1,\"name\":\"Inicio\",\"item\":\"https:\\\/\\\/fertycare.com\\\/\"},{\"@type\":\"ListItem\",\"position\":2,\"name\":\"Pol\u00edticas de privacidad\"}]},{\"@type\":\"WebSite\",\"@id\":\"https:\\\/\\\/fertycare.com\\\/#website\",\"url\":\"https:\\\/\\\/fertycare.com\\\/\",\"name\":\"FertyCare\",\"description\":\"Fertilidad y Servicios M\u00e9dicos de Calidad Accesibles\",\"publisher\":{\"@id\":\"https:\\\/\\\/fertycare.com\\\/#organization\"},\"alternateName\":\"FC\",\"potentialAction\":[{\"@type\":\"SearchAction\",\"target\":{\"@type\":\"EntryPoint\",\"urlTemplate\":\"https:\\\/\\\/fertycare.com\\\/?s={search_term_string}\"},\"query-input\":{\"@type\":\"PropertyValueSpecification\",\"valueRequired\":true,\"valueName\":\"search_term_string\"}}],\"inLanguage\":\"zh-Hans\"},{\"@type\":\"Organization\",\"@id\":\"https:\\\/\\\/fertycare.com\\\/#organization\",\"name\":\"FertyCare | Especialistas en Fertilidad\",\"alternateName\":\"FC\",\"url\":\"https:\\\/\\\/fertycare.com\\\/\",\"logo\":{\"@type\":\"ImageObject\",\"inLanguage\":\"zh-Hans\",\"@id\":\"https:\\\/\\\/fertycare.com\\\/#\\\/schema\\\/logo\\\/image\\\/\",\"url\":\"https:\\\/\\\/fertycare.com\\\/wp-content\\\/uploads\\\/2020\\\/10\\\/logo-03.svg\",\"contentUrl\":\"https:\\\/\\\/fertycare.com\\\/wp-content\\\/uploads\\\/2020\\\/10\\\/logo-03.svg\",\"width\":459,\"height\":179,\"caption\":\"FertyCare | Especialistas en Fertilidad\"},\"image\":{\"@id\":\"https:\\\/\\\/fertycare.com\\\/#\\\/schema\\\/logo\\\/image\\\/\"},\"sameAs\":[\"https:\\\/\\\/www.facebook.com\\\/fertycare\\\/\",\"https:\\\/\\\/www.instagram.com\\\/fertycare\\\/\",\"https:\\\/\\\/www.youtube.com\\\/channel\\\/UCSAMhfofTi2TsJJ9pJC2H5Q\"]}]}<\/script>\n<!-- \/ Yoast SEO plugin. -->","yoast_head_json":{"title":"\u9690\u79c1\u653f\u7b56 |\u798f\u8482\u62a4\u7406","robots":{"index":"index","follow":"follow","max-snippet":"max-snippet:-1","max-image-preview":"max-image-preview:large","max-video-preview":"max-video-preview:-1"},"canonical":"https:\/\/fertycare.com\/zh\/\u9690\u79c1\u58f0\u660e\/","og_locale":"zh_CN","og_type":"article","og_title":"Pol\u00edticas de privacidad | FertyCare","og_description":"AVISO DE PRIVACIDAD El presente Pol\u00edtica de Privacidad establece los t\u00e9rminos en que Fertycare Group SC usa y protege la informaci\u00f3n que es proporcionada por sus usuarios al momento de utilizar su sitio web. Esta compa\u00f1\u00eda est\u00e1 comprometida con la seguridad de los datos de sus usuarios. Cuando le pedimos llenar los campos de informaci\u00f3n [&hellip;]","og_url":"https:\/\/fertycare.com\/zh\/\u9690\u79c1\u58f0\u660e\/","og_site_name":"FertyCare","article_publisher":"https:\/\/www.facebook.com\/fertycare\/","article_modified_time":"2025-02-14T22:30:22+00:00","og_image":[{"width":1200,"height":675,"url":"https:\/\/fertycare.com\/wp-content\/uploads\/2023\/06\/Portada-FertyCare.jpg","type":"image\/jpeg"}],"twitter_card":"summary_large_image","twitter_misc":{"\u9884\u8ba1\u9605\u8bfb\u65f6\u95f4":"4 \u5206"},"schema":{"@context":"https:\/\/schema.org","@graph":[{"@type":"WebPage","@id":"https:\/\/fertycare.com\/aviso-de-privacidad\/","url":"https:\/\/fertycare.com\/aviso-de-privacidad\/","name":"\u9690\u79c1\u653f\u7b56 |\u798f\u8482\u62a4\u7406","isPartOf":{"@id":"https:\/\/fertycare.com\/#website"},"datePublished":"2020-11-14T02:01:30+00:00","dateModified":"2025-02-14T22:30:22+00:00","breadcrumb":{"@id":"https:\/\/fertycare.com\/aviso-de-privacidad\/#breadcrumb"},"inLanguage":"zh-Hans","potentialAction":[{"@type":"ReadAction","target":["https:\/\/fertycare.com\/aviso-de-privacidad\/"]}]},{"@type":"BreadcrumbList","@id":"https:\/\/fertycare.com\/aviso-de-privacidad\/#breadcrumb","itemListElement":[{"@type":"ListItem","position":1,"name":"Inicio","item":"https:\/\/fertycare.com\/"},{"@type":"ListItem","position":2,"name":"Pol\u00edticas de privacidad"}]},{"@type":"WebSite","@id":"https:\/\/fertycare.com\/#website","url":"https:\/\/fertycare.com\/","name":"\u798f\u8482\u62a4\u7406","description":"\u8d1f\u62c5\u5f97\u8d77\u7684\u751f\u80b2\u548c\u4f18\u8d28\u533b\u7597\u670d\u52a1","publisher":{"@id":"https:\/\/fertycare.com\/#organization"},"alternateName":"FC","potentialAction":[{"@type":"SearchAction","target":{"@type":"EntryPoint","urlTemplate":"https:\/\/fertycare.com\/?s={search_term_string}"},"query-input":{"@type":"PropertyValueSpecification","valueRequired":true,"valueName":"search_term_string"}}],"inLanguage":"zh-Hans"},{"@type":"Organization","@id":"https:\/\/fertycare.com\/#organization","name":"\u8d39\u8482\u62a4\u7406|\u751f\u80b2\u4e13\u5bb6","alternateName":"FC","url":"https:\/\/fertycare.com\/","logo":{"@type":"ImageObject","inLanguage":"zh-Hans","@id":"https:\/\/fertycare.com\/#\/schema\/logo\/image\/","url":"https:\/\/fertycare.com\/wp-content\/uploads\/2020\/10\/logo-03.svg","contentUrl":"https:\/\/fertycare.com\/wp-content\/uploads\/2020\/10\/logo-03.svg","width":459,"height":179,"caption":"FertyCare | Especialistas en Fertilidad"},"image":{"@id":"https:\/\/fertycare.com\/#\/schema\/logo\/image\/"},"sameAs":["https:\/\/www.facebook.com\/fertycare\/","https:\/\/www.instagram.com\/fertycare\/","https:\/\/www.youtube.com\/channel\/UCSAMhfofTi2TsJJ9pJC2H5Q"]}]}},"_links":{"self":[{"href":"https:\/\/fertycare.com\/zh\/wp-json\/wp\/v2\/pages\/10485","targetHints":{"allow":["GET"]}}],"collection":[{"href":"https:\/\/fertycare.com\/zh\/wp-json\/wp\/v2\/pages"}],"about":[{"href":"https:\/\/fertycare.com\/zh\/wp-json\/wp\/v2\/types\/page"}],"author":[{"embeddable":true,"href":"https:\/\/fertycare.com\/zh\/wp-json\/wp\/v2\/users\/2"}],"replies":[{"embeddable":true,"href":"https:\/\/fertycare.com\/zh\/wp-json\/wp\/v2\/comments?post=10485"}],"version-history":[{"count":0,"href":"https:\/\/fertycare.com\/zh\/wp-json\/wp\/v2\/pages\/10485\/revisions"}],"wp:attachment":[{"href":"https:\/\/fertycare.com\/zh\/wp-json\/wp\/v2\/media?parent=10485"}],"curies":[{"name":"\u53ef\u6e7f\u6027\u7c89\u5242","href":"https:\/\/api.w.org\/{rel}","templated":true}]}}