{"id":14565,"date":"2025-07-03T14:48:18","date_gmt":"2025-07-03T14:48:18","guid":{"rendered":"https:\/\/fertycare.com\/acceder\/"},"modified":"2025-07-03T15:07:34","modified_gmt":"2025-07-03T15:07:34","slug":"acceder","status":"publish","type":"page","link":"https:\/\/fertycare.com\/pt\/acesso\/","title":{"rendered":"Acesso"},"content":{"rendered":"<div data-elementor-type=\"wp-page\" data-elementor-id=\"14565\" class=\"elementor elementor-14565\" data-elementor-settings=\"{&quot;element_pack_global_tooltip_width&quot;:{&quot;unit&quot;:&quot;px&quot;,&quot;size&quot;:&quot;&quot;,&quot;sizes&quot;:[]},&quot;element_pack_global_tooltip_width_tablet&quot;:{&quot;unit&quot;:&quot;px&quot;,&quot;size&quot;:&quot;&quot;,&quot;sizes&quot;:[]},&quot;element_pack_global_tooltip_width_mobile&quot;:{&quot;unit&quot;:&quot;px&quot;,&quot;size&quot;:&quot;&quot;,&quot;sizes&quot;:[]},&quot;element_pack_global_tooltip_padding&quot;:{&quot;unit&quot;:&quot;px&quot;,&quot;top&quot;:&quot;&quot;,&quot;right&quot;:&quot;&quot;,&quot;bottom&quot;:&quot;&quot;,&quot;left&quot;:&quot;&quot;,&quot;isLinked&quot;:true},&quot;element_pack_global_tooltip_padding_tablet&quot;:{&quot;unit&quot;:&quot;px&quot;,&quot;top&quot;:&quot;&quot;,&quot;right&quot;:&quot;&quot;,&quot;bottom&quot;:&quot;&quot;,&quot;left&quot;:&quot;&quot;,&quot;isLinked&quot;:true},&quot;element_pack_global_tooltip_padding_mobile&quot;:{&quot;unit&quot;:&quot;px&quot;,&quot;top&quot;:&quot;&quot;,&quot;right&quot;:&quot;&quot;,&quot;bottom&quot;:&quot;&quot;,&quot;left&quot;:&quot;&quot;,&quot;isLinked&quot;:true},&quot;element_pack_global_tooltip_border_radius&quot;:{&quot;unit&quot;:&quot;px&quot;,&quot;top&quot;:&quot;&quot;,&quot;right&quot;:&quot;&quot;,&quot;bottom&quot;:&quot;&quot;,&quot;left&quot;:&quot;&quot;,&quot;isLinked&quot;:true},&quot;element_pack_global_tooltip_border_radius_tablet&quot;:{&quot;unit&quot;:&quot;px&quot;,&quot;top&quot;:&quot;&quot;,&quot;right&quot;:&quot;&quot;,&quot;bottom&quot;:&quot;&quot;,&quot;left&quot;:&quot;&quot;,&quot;isLinked&quot;:true},&quot;element_pack_global_tooltip_border_radius_mobile&quot;:{&quot;unit&quot;:&quot;px&quot;,&quot;top&quot;:&quot;&quot;,&quot;right&quot;:&quot;&quot;,&quot;bottom&quot;:&quot;&quot;,&quot;left&quot;:&quot;&quot;,&quot;isLinked&quot;:true}}\" data-elementor-post-type=\"page\">\n\t\t\t\t<div class=\"elementor-element elementor-element-4baec53c e-flex e-con-boxed e-con e-parent\" data-id=\"4baec53c\" data-element_type=\"container\" data-e-type=\"container\">\n\t\t\t\t\t<div class=\"e-con-inner\">\n\t\t\t\t<div class=\"elementor-element elementor-element-7e8cd5f elementor-widget elementor-widget-heading\" data-id=\"7e8cd5f\" data-element_type=\"widget\" data-e-type=\"widget\" data-widget_type=\"heading.default\">\n\t\t\t\t<div class=\"elementor-widget-container\">\n\t\t\t\t\t<h2 class=\"elementor-heading-title elementor-size-default\">Acesso<\/h2>\t\t\t\t<\/div>\n\t\t\t\t<\/div>\n\t\t\t\t<div class=\"elementor-element elementor-element-13945ccb elementor-widget elementor-widget-shortcode\" data-id=\"13945ccb\" data-element_type=\"widget\" data-e-type=\"widget\" data-widget_type=\"shortcode.default\">\n\t\t\t\t<div class=\"elementor-widget-container\">\n\t\t\t\t\t\t\t<div class=\"elementor-shortcode\">\n<div class=\"wpum-template wpum-form wpum-login-form\">\n\n\t\n\t<form action=\"\" method=\"post\" id=\"wpum-submit-login-form\" enctype=\"multipart\/form-data\" data-trp-original-action=\"\">\n\n\t\t\t\t\t<fieldset class=\"fieldset-username\">\n\n\t\t\t\t\n\t\t\t\t\t<label for=\"username\">\n\t\t\t\t\t\tE-mail\t\t\t\t\t\t\t\t\t\t\t\t\t<span class=\"wpum-required\">*<\/span>\n\t\t\t\t\t\t\t\t\t\t\t<\/label>\n\t\t\t\t\t<div class=\"field required-field\">\n\t\t\t\t\t\t\n<input\n\ttype=\"text\"\n\tclass=\"input-text\"\n\tname=\"username\"\n\t\tid=\"username\"\n\tplaceholder=\"\"\n\tvalue=\"\"\n\tmaxlength=\"\"\n\trequired\t\t\t\t\/>\n\t\t\t\t\t<\/div>\n\n\t\t\t\t\n\t\t\t<\/fieldset>\n\t\t\t\t\t<fieldset class=\"fieldset-password\">\n\n\t\t\t\t\n\t\t\t\t\t<label for=\"password\">\n\t\t\t\t\t\tSenha\t\t\t\t\t\t\t\t\t\t\t\t\t<span class=\"wpum-required\">*<\/span>\n\t\t\t\t\t\t\t\t\t\t\t<\/label>\n\t\t\t\t\t<div class=\"field required-field\">\n\t\t\t\t\t\t\n<input type=\"password\" class=\"input-text\"\n name=\"password\" id=\"password\" placeholder=\"\" value=\"\" maxlength=\"\"\n\t\t\t\t  required\t \/>\n\t\t\t\t\t<\/div>\n\n\t\t\t\t\n\t\t\t<\/fieldset>\n\t\t\t\t\t<fieldset class=\"fieldset-remember\">\n\n\t\t\t\t\n\t\t\t\t\t<label for=\"remember\">\n\t\t\t\t\t\t<span class=\"field\">\n\t\t\t\t\t\t\t\n<input type=\"checkbox\" class=\"input-checkbox\" name=\"remember\" id=\"remember\"  value=\"1\"\n\t\t\t\t\t\t\t\t\t\t\t\t\t\t\t    \/>\n\t\t\t\t\t\t<\/span>\n\t\t\t\t\t\tLembre de mim\t\t\t\t\t\t\t\t\t\t\t<\/label>\n\n\t\t\t\t\n\t\t\t<\/fieldset>\n\t\t\n\t\t<input type=\"hidden\" name=\"wpum_form\" value=\"login\" \/>\n\t\t<input type=\"hidden\" name=\"step\" value=\"0\" \/>\n\t\t<input type=\"hidden\" name=\"submit_referrer\" value=\"\" \/>\n\n\t\t\n\t\t<input type=\"submit\" name=\"submit_login\" class=\"button\" value=\"Conecte-se\" \/>\n\n\t<input\n                    class=\"apbct_special_field apbct_email_id__elementor_form\"\n                    name=\"apbct__email_id__elementor_form\"\n                    aria-label=\"apbct__label_id__elementor_form\"\n                    type=\"text\" size=\"30\" maxlength=\"200\" autocomplete=\"off\"\n                    value=\"\"\n                \/><input type=\"hidden\" name=\"trp-form-language\" value=\"pt\"\/><\/form>\n\n\t\n<\/div>\n\n<ul class=\"wpum-action-links\">\n\t\t\t<li>\n\t\tN\u00e3o tem uma conta? <a href=\"https:\/\/fertycare.com\/pt\/registro-2\/\">Inscreva-se agora \u00bb<\/a>\t<\/li>\n\t\t\t<li>\n\t\t<a href=\"https:\/\/fertycare.com\/pt\/redefinir-senha-2\/\">\n\t\t\tEsqueceu sua senha?\t\t<\/a>\n\t<\/li>\n\t<\/ul>\n<\/div>\n\t\t\t\t\t\t<\/div>\n\t\t\t\t<\/div>\n\t\t\t\t\t<\/div>\n\t\t\t\t<\/div>\n\t\t\t\t<\/div>","protected":false},"excerpt":{"rendered":"<p>Acesso<\/p>","protected":false},"author":1,"featured_media":0,"parent":0,"menu_order":0,"comment_status":"closed","ping_status":"closed","template":"","meta":{"inline_featured_image":false,"_monsterinsights_skip_tracking":false,"_monsterinsights_sitenote_active":false,"_monsterinsights_sitenote_note":"","_monsterinsights_sitenote_category":0,"_joinchat":[],"footnotes":""},"class_list":["post-14565","page","type-page","status-publish","hentry"],"yoast_head":"<!-- This site is optimized with the Yoast SEO plugin v27.4 - https:\/\/yoast.com\/product\/yoast-seo-wordpress\/ -->\n<title>Acceder | FertyCare<\/title>\n<meta name=\"robots\" content=\"index, follow, max-snippet:-1, max-image-preview:large, max-video-preview:-1\" \/>\n<link rel=\"canonical\" href=\"https:\/\/fertycare.com\/pt\/acesso\/\" \/>\n<meta property=\"og:locale\" content=\"pt_BR\" \/>\n<meta property=\"og:type\" content=\"article\" \/>\n<meta property=\"og:title\" content=\"Acceder | FertyCare\" \/>\n<meta property=\"og:description\" content=\"Acceso\" \/>\n<meta property=\"og:url\" content=\"https:\/\/fertycare.com\/pt\/acesso\/\" \/>\n<meta property=\"og:site_name\" content=\"FertyCare\" \/>\n<meta property=\"article:publisher\" content=\"https:\/\/www.facebook.com\/fertycare\/\" \/>\n<meta property=\"article:modified_time\" content=\"2025-07-03T15:07:34+00:00\" \/>\n<meta property=\"og:image\" content=\"https:\/\/fertycare.com\/wp-content\/uploads\/2023\/06\/Portada-FertyCare.jpg\" \/>\n\t<meta property=\"og:image:width\" content=\"1200\" \/>\n\t<meta property=\"og:image:height\" content=\"675\" \/>\n\t<meta property=\"og:image:type\" content=\"image\/jpeg\" \/>\n<meta name=\"twitter:card\" content=\"summary_large_image\" \/>\n<meta name=\"twitter:label1\" content=\"Est. tempo de leitura\" \/>\n\t<meta name=\"twitter:data1\" content=\"1 minuto\" \/>\n<script type=\"application\/ld+json\" class=\"yoast-schema-graph\">{\"@context\":\"https:\\\/\\\/schema.org\",\"@graph\":[{\"@type\":\"WebPage\",\"@id\":\"https:\\\/\\\/fertycare.com\\\/acceder\\\/\",\"url\":\"https:\\\/\\\/fertycare.com\\\/acceder\\\/\",\"name\":\"Acceder | FertyCare\",\"isPartOf\":{\"@id\":\"https:\\\/\\\/fertycare.com\\\/#website\"},\"datePublished\":\"2025-07-03T14:48:18+00:00\",\"dateModified\":\"2025-07-03T15:07:34+00:00\",\"breadcrumb\":{\"@id\":\"https:\\\/\\\/fertycare.com\\\/acceder\\\/#breadcrumb\"},\"inLanguage\":\"pt-BR\",\"potentialAction\":[{\"@type\":\"ReadAction\",\"target\":[\"https:\\\/\\\/fertycare.com\\\/acceder\\\/\"]}]},{\"@type\":\"BreadcrumbList\",\"@id\":\"https:\\\/\\\/fertycare.com\\\/acceder\\\/#breadcrumb\",\"itemListElement\":[{\"@type\":\"ListItem\",\"position\":1,\"name\":\"Inicio\",\"item\":\"https:\\\/\\\/fertycare.com\\\/\"},{\"@type\":\"ListItem\",\"position\":2,\"name\":\"Acceder\"}]},{\"@type\":\"WebSite\",\"@id\":\"https:\\\/\\\/fertycare.com\\\/#website\",\"url\":\"https:\\\/\\\/fertycare.com\\\/\",\"name\":\"FertyCare\",\"description\":\"Fertilidad y Servicios M\u00e9dicos de Calidad Accesibles\",\"publisher\":{\"@id\":\"https:\\\/\\\/fertycare.com\\\/#organization\"},\"alternateName\":\"FC\",\"potentialAction\":[{\"@type\":\"SearchAction\",\"target\":{\"@type\":\"EntryPoint\",\"urlTemplate\":\"https:\\\/\\\/fertycare.com\\\/?s={search_term_string}\"},\"query-input\":{\"@type\":\"PropertyValueSpecification\",\"valueRequired\":true,\"valueName\":\"search_term_string\"}}],\"inLanguage\":\"pt-BR\"},{\"@type\":\"Organization\",\"@id\":\"https:\\\/\\\/fertycare.com\\\/#organization\",\"name\":\"FertyCare | Especialistas en Fertilidad\",\"alternateName\":\"FC\",\"url\":\"https:\\\/\\\/fertycare.com\\\/\",\"logo\":{\"@type\":\"ImageObject\",\"inLanguage\":\"pt-BR\",\"@id\":\"https:\\\/\\\/fertycare.com\\\/#\\\/schema\\\/logo\\\/image\\\/\",\"url\":\"https:\\\/\\\/fertycare.com\\\/wp-content\\\/uploads\\\/2020\\\/10\\\/logo-03.svg\",\"contentUrl\":\"https:\\\/\\\/fertycare.com\\\/wp-content\\\/uploads\\\/2020\\\/10\\\/logo-03.svg\",\"width\":459,\"height\":179,\"caption\":\"FertyCare | Especialistas en Fertilidad\"},\"image\":{\"@id\":\"https:\\\/\\\/fertycare.com\\\/#\\\/schema\\\/logo\\\/image\\\/\"},\"sameAs\":[\"https:\\\/\\\/www.facebook.com\\\/fertycare\\\/\",\"https:\\\/\\\/www.instagram.com\\\/fertycare\\\/\",\"https:\\\/\\\/www.youtube.com\\\/channel\\\/UCSAMhfofTi2TsJJ9pJC2H5Q\"]}]}<\/script>\n<!-- \/ Yoast SEO plugin. -->","yoast_head_json":{"title":"Entrar | FertyCare","robots":{"index":"index","follow":"follow","max-snippet":"max-snippet:-1","max-image-preview":"max-image-preview:large","max-video-preview":"max-video-preview:-1"},"canonical":"https:\/\/fertycare.com\/pt\/acesso\/","og_locale":"pt_BR","og_type":"article","og_title":"Acceder | FertyCare","og_description":"Acceso","og_url":"https:\/\/fertycare.com\/pt\/acesso\/","og_site_name":"FertyCare","article_publisher":"https:\/\/www.facebook.com\/fertycare\/","article_modified_time":"2025-07-03T15:07:34+00:00","og_image":[{"width":1200,"height":675,"url":"https:\/\/fertycare.com\/wp-content\/uploads\/2023\/06\/Portada-FertyCare.jpg","type":"image\/jpeg"}],"twitter_card":"summary_large_image","twitter_misc":{"Est. tempo de leitura":"1 minuto"},"schema":{"@context":"https:\/\/schema.org","@graph":[{"@type":"WebPage","@id":"https:\/\/fertycare.com\/acceder\/","url":"https:\/\/fertycare.com\/acceder\/","name":"Entrar | FertyCare","isPartOf":{"@id":"https:\/\/fertycare.com\/#website"},"datePublished":"2025-07-03T14:48:18+00:00","dateModified":"2025-07-03T15:07:34+00:00","breadcrumb":{"@id":"https:\/\/fertycare.com\/acceder\/#breadcrumb"},"inLanguage":"pt-BR","potentialAction":[{"@type":"ReadAction","target":["https:\/\/fertycare.com\/acceder\/"]}]},{"@type":"BreadcrumbList","@id":"https:\/\/fertycare.com\/acceder\/#breadcrumb","itemListElement":[{"@type":"ListItem","position":1,"name":"Inicio","item":"https:\/\/fertycare.com\/"},{"@type":"ListItem","position":2,"name":"Acceder"}]},{"@type":"WebSite","@id":"https:\/\/fertycare.com\/#website","url":"https:\/\/fertycare.com\/","name":"FertyCare","description":"Fertilidade e servi\u00e7os m\u00e9dicos de qualidade a pre\u00e7os acess\u00edveis","publisher":{"@id":"https:\/\/fertycare.com\/#organization"},"alternateName":"FC","potentialAction":[{"@type":"SearchAction","target":{"@type":"EntryPoint","urlTemplate":"https:\/\/fertycare.com\/?s={search_term_string}"},"query-input":{"@type":"PropertyValueSpecification","valueRequired":true,"valueName":"search_term_string"}}],"inLanguage":"pt-BR"},{"@type":"Organization","@id":"https:\/\/fertycare.com\/#organization","name":"FertyCare | Especialistas em Fertilidade","alternateName":"FC","url":"https:\/\/fertycare.com\/","logo":{"@type":"ImageObject","inLanguage":"pt-BR","@id":"https:\/\/fertycare.com\/#\/schema\/logo\/image\/","url":"https:\/\/fertycare.com\/wp-content\/uploads\/2020\/10\/logo-03.svg","contentUrl":"https:\/\/fertycare.com\/wp-content\/uploads\/2020\/10\/logo-03.svg","width":459,"height":179,"caption":"FertyCare | Especialistas en Fertilidad"},"image":{"@id":"https:\/\/fertycare.com\/#\/schema\/logo\/image\/"},"sameAs":["https:\/\/www.facebook.com\/fertycare\/","https:\/\/www.instagram.com\/fertycare\/","https:\/\/www.youtube.com\/channel\/UCSAMhfofTi2TsJJ9pJC2H5Q"]}]}},"_links":{"self":[{"href":"https:\/\/fertycare.com\/pt\/wp-json\/wp\/v2\/pages\/14565","targetHints":{"allow":["GET"]}}],"collection":[{"href":"https:\/\/fertycare.com\/pt\/wp-json\/wp\/v2\/pages"}],"about":[{"href":"https:\/\/fertycare.com\/pt\/wp-json\/wp\/v2\/types\/page"}],"author":[{"embeddable":true,"href":"https:\/\/fertycare.com\/pt\/wp-json\/wp\/v2\/users\/1"}],"replies":[{"embeddable":true,"href":"https:\/\/fertycare.com\/pt\/wp-json\/wp\/v2\/comments?post=14565"}],"version-history":[{"count":3,"href":"https:\/\/fertycare.com\/pt\/wp-json\/wp\/v2\/pages\/14565\/revisions"}],"predecessor-version":[{"id":14575,"href":"https:\/\/fertycare.com\/pt\/wp-json\/wp\/v2\/pages\/14565\/revisions\/14575"}],"wp:attachment":[{"href":"https:\/\/fertycare.com\/pt\/wp-json\/wp\/v2\/media?parent=14565"}],"curies":[{"name":"wp","href":"https:\/\/api.w.org\/{rel}","templated":true}]}}