{"id":10485,"date":"2020-11-14T02:01:30","date_gmt":"2020-11-14T02:01:30","guid":{"rendered":"http:\/\/s832810198.onlinehome.us\/?page_id=10485"},"modified":"2025-02-14T22:30:22","modified_gmt":"2025-02-14T22:30:22","slug":"aviso-de-privacidad","status":"publish","type":"page","link":"https:\/\/fertycare.com\/pt\/aviso-de-privacidade\/","title":{"rendered":"Pol\u00edticas de Privacidade"},"content":{"rendered":"<div data-elementor-type=\"wp-page\" data-elementor-id=\"10485\" class=\"elementor elementor-10485\" data-elementor-settings=\"{&quot;element_pack_global_tooltip_width&quot;:{&quot;unit&quot;:&quot;px&quot;,&quot;size&quot;:&quot;&quot;,&quot;sizes&quot;:[]},&quot;element_pack_global_tooltip_width_tablet&quot;:{&quot;unit&quot;:&quot;px&quot;,&quot;size&quot;:&quot;&quot;,&quot;sizes&quot;:[]},&quot;element_pack_global_tooltip_width_mobile&quot;:{&quot;unit&quot;:&quot;px&quot;,&quot;size&quot;:&quot;&quot;,&quot;sizes&quot;:[]},&quot;element_pack_global_tooltip_padding&quot;:{&quot;unit&quot;:&quot;px&quot;,&quot;top&quot;:&quot;&quot;,&quot;right&quot;:&quot;&quot;,&quot;bottom&quot;:&quot;&quot;,&quot;left&quot;:&quot;&quot;,&quot;isLinked&quot;:true},&quot;element_pack_global_tooltip_padding_tablet&quot;:{&quot;unit&quot;:&quot;px&quot;,&quot;top&quot;:&quot;&quot;,&quot;right&quot;:&quot;&quot;,&quot;bottom&quot;:&quot;&quot;,&quot;left&quot;:&quot;&quot;,&quot;isLinked&quot;:true},&quot;element_pack_global_tooltip_padding_mobile&quot;:{&quot;unit&quot;:&quot;px&quot;,&quot;top&quot;:&quot;&quot;,&quot;right&quot;:&quot;&quot;,&quot;bottom&quot;:&quot;&quot;,&quot;left&quot;:&quot;&quot;,&quot;isLinked&quot;:true},&quot;element_pack_global_tooltip_border_radius&quot;:{&quot;unit&quot;:&quot;px&quot;,&quot;top&quot;:&quot;&quot;,&quot;right&quot;:&quot;&quot;,&quot;bottom&quot;:&quot;&quot;,&quot;left&quot;:&quot;&quot;,&quot;isLinked&quot;:true},&quot;element_pack_global_tooltip_border_radius_tablet&quot;:{&quot;unit&quot;:&quot;px&quot;,&quot;top&quot;:&quot;&quot;,&quot;right&quot;:&quot;&quot;,&quot;bottom&quot;:&quot;&quot;,&quot;left&quot;:&quot;&quot;,&quot;isLinked&quot;:true},&quot;element_pack_global_tooltip_border_radius_mobile&quot;:{&quot;unit&quot;:&quot;px&quot;,&quot;top&quot;:&quot;&quot;,&quot;right&quot;:&quot;&quot;,&quot;bottom&quot;:&quot;&quot;,&quot;left&quot;:&quot;&quot;,&quot;isLinked&quot;:true}}\" data-elementor-post-type=\"page\">\n\t\t\t\t<div class=\"elementor-element elementor-element-1a8cd845 e-flex e-con-boxed e-con e-parent\" data-id=\"1a8cd845\" data-element_type=\"container\" data-e-type=\"container\">\n\t\t\t\t\t<div class=\"e-con-inner\">\n\t\t\t\t<div class=\"elementor-element elementor-element-10a32472 elementor-widget elementor-widget-text-editor\" data-id=\"10a32472\" data-element_type=\"widget\" data-e-type=\"widget\" data-widget_type=\"text-editor.default\">\n\t\t\t\t<div class=\"elementor-widget-container\">\n\t\t\t\t\t\t\t\t\t<h2 class=\"entry-title\">AVISO DE PRIVACIDADE<\/h2><p>Esta Pol\u00edtica de Privacidade estabelece os termos sob os quais a Fertycare Group SC usa e protege as informa\u00e7\u00f5es fornecidas por seus usu\u00e1rios ao utilizar seu site. Esta empresa est\u00e1 comprometida com a seguran\u00e7a dos dados de seus usu\u00e1rios. Quando solicitamos que voc\u00ea preencha os campos com informa\u00e7\u00f5es pessoais que podem ser usadas para identific\u00e1-lo, fazemos isso com a garantia de que elas ser\u00e3o usadas somente de acordo com os termos deste documento. No entanto, esta Pol\u00edtica de Privacidade pode mudar ao longo do tempo ou ser atualizada, por isso recomendamos e enfatizamos que voc\u00ea revise continuamente esta p\u00e1gina para garantir que concorda com tais altera\u00e7\u00f5es.<\/p>\t\t\t\t\t\t\t\t<\/div>\n\t\t\t\t<\/div>\n\t\t\t\t\t<\/div>\n\t\t\t\t<\/div>\n\t\t<div class=\"elementor-element elementor-element-ee0d869 e-flex e-con-boxed e-con e-parent\" data-id=\"ee0d869\" data-element_type=\"container\" data-e-type=\"container\">\n\t\t\t\t\t<div class=\"e-con-inner\">\n\t\t\t\t<div class=\"elementor-element elementor-element-7e68534 elementor-widget elementor-widget-bdt-tabs\" data-id=\"7e68534\" data-element_type=\"widget\" data-e-type=\"widget\" data-widget_type=\"bdt-tabs.default\">\n\t\t\t\t<div class=\"elementor-widget-container\">\n\t\t\t\t\t        <div class=\"bdt-tabs-area\">\n\n            <div id=\"bdt-tabs-7e68534-3673\" class=\"bdt-tabs  bdt-tabs-default\" data-settings=\"{&quot;id&quot;:&quot;bdt-tabs-7e68534-3673&quot;,&quot;activeHash&quot;:&quot;no&quot;,&quot;hashTopOffset&quot;:70,&quot;hashScrollspyTime&quot;:1500,&quot;navStickyOffset&quot;:1,&quot;linkWidgetId&quot;:&quot;7e68534-3673&quot;}\">\n                        <div class=\"bdt-tab-wrapper\">\n            <div class=\"bdt-tabs-wrap-inside\">\n                <div class=\"bdt-tab bdt-tab-default\" data-bdt-tab=\"connect: #bdt-tab-content-7e68534-3673;\" data-bdt-height-match=\"target: &gt; .bdt-tabs-item &gt; .bdt-tabs-item-title; row: false;\">\n                                            <div class=\"bdt-tabs-item\">\n                            <a data-title=\"Informaci\u00f3n-que-es-recogida\" class=\"bdt-tabs-item-title\" id=\"bdt-tab-Informaci\u00f3n-que-es-recogida\" data-tab-index=\"0\" href=\"#\">\n                                <div class=\"bdt-tab-text-wrapper bdt-flex-column\">\n\n                                    <div class=\"bdt-tab-title-icon-wrapper\">\n\n                                        \n                                                                                    <span class=\"bdt-tab-text\">\n                                                Informa\u00e7\u00f5es coletadas                                            <\/span>\n                                        \n                                        \n                                    <\/div>\n\n                                    \n                                <\/div>\n                            <\/a>\n                        <\/div>\n                                            <div class=\"bdt-tabs-item\">\n                            <a data-title=\"Uso-de-la-informaci\u00f3n-recogida\" class=\"bdt-tabs-item-title\" id=\"bdt-tab-Uso-de-la-informaci\u00f3n-recogida\" data-tab-index=\"1\" href=\"#\">\n                                <div class=\"bdt-tab-text-wrapper bdt-flex-column\">\n\n                                    <div class=\"bdt-tab-title-icon-wrapper\">\n\n                                        \n                                                                                    <span class=\"bdt-tab-text\">\n                                                Uso das informa\u00e7\u00f5es coletadas                                            <\/span>\n                                        \n                                        \n                                    <\/div>\n\n                                    \n                                <\/div>\n                            <\/a>\n                        <\/div>\n                                            <div class=\"bdt-tabs-item\">\n                            <a data-title=\"Cookies\" class=\"bdt-tabs-item-title\" id=\"bdt-tab-Cookies\" data-tab-index=\"2\" href=\"#\">\n                                <div class=\"bdt-tab-text-wrapper bdt-flex-column\">\n\n                                    <div class=\"bdt-tab-title-icon-wrapper\">\n\n                                        \n                                                                                    <span class=\"bdt-tab-text\">\n                                                Biscoitos                                            <\/span>\n                                        \n                                        \n                                    <\/div>\n\n                                    \n                                <\/div>\n                            <\/a>\n                        <\/div>\n                                            <div class=\"bdt-tabs-item\">\n                            <a data-title=\"Enlaces-a-terceros\" class=\"bdt-tabs-item-title\" id=\"bdt-tab-Enlaces-a-terceros\" data-tab-index=\"3\" href=\"#\">\n                                <div class=\"bdt-tab-text-wrapper bdt-flex-column\">\n\n                                    <div class=\"bdt-tab-title-icon-wrapper\">\n\n                                        \n                                                                                    <span class=\"bdt-tab-text\">\n                                                Links para terceiros                                            <\/span>\n                                        \n                                        \n                                    <\/div>\n\n                                    \n                                <\/div>\n                            <\/a>\n                        <\/div>\n                                    <\/div>\n            <\/div>\n        <\/div>\n\n        <div class=\"bdt-switcher-wrapper\">\n            <div id=\"bdt-tab-content-7e68534-3673\" class=\"bdt-switcher bdt-switcher-item-content\">\n                                                        <div class=\"bdt-tab-content-item\" \n                    data-content-id=\"informaci-n-que-es-recogida\">\n                        <div>\n                            <div class=\"dt-sc-tabs-horizontal-container\"><div class=\"dt-sc-tabs-horizontal-content\"><div class=\"dt-sc-title with-right-border-decor\"><p>Nosso site pode coletar informa\u00e7\u00f5es pessoais como: Nome, informa\u00e7\u00f5es de contato, como seu endere\u00e7o de e-mail, e informa\u00e7\u00f5es demogr\u00e1ficas. Da mesma forma, quando necess\u00e1rio, informa\u00e7\u00f5es espec\u00edficas poder\u00e3o ser solicitadas para processar um pedido ou efetuar uma entrega ou fatura.<\/p><\/div><\/div><\/div>                        <\/div>\n                    <\/div>\n                                                        <div class=\"bdt-tab-content-item\" \n                    data-content-id=\"uso-de-la-informaci-n-recogida\">\n                        <div>\n                            <div class=\"dt-sc-tabs-horizontal-container\"><div class=\"dt-sc-tabs-horizontal-content\"><div class=\"dt-sc-title with-right-border-decor\"><p>Nosso site usa informa\u00e7\u00f5es para fornecer o melhor servi\u00e7o poss\u00edvel, especialmente para manter registros de usu\u00e1rios, registros de pedidos, se aplic\u00e1vel, e para melhorar nossos produtos e servi\u00e7os. Periodicamente, e-mails podem ser enviados atrav\u00e9s do nosso site com ofertas especiais, novos produtos e outras informa\u00e7\u00f5es promocionais que acreditamos serem relevantes para voc\u00ea ou que podem lhe proporcionar algum benef\u00edcio. Esses e-mails ser\u00e3o enviados para o endere\u00e7o fornecido e podem ser cancelados a qualquer momento.<\/p><p>O Fertycare Group SC est\u00e1 altamente comprometido em cumprir seu compromisso de manter suas informa\u00e7\u00f5es seguras. Utilizamos os sistemas mais avan\u00e7ados e os atualizamos constantemente para garantir que n\u00e3o haja acesso n\u00e3o autorizado.<\/p><\/div><\/div><\/div>                        <\/div>\n                    <\/div>\n                                                        <div class=\"bdt-tab-content-item\" \n                    data-content-id=\"cookies\">\n                        <div>\n                            <p>Um cookie se refere a um arquivo que \u00e9 enviado com a finalidade de solicitar permiss\u00e3o para ser armazenado em seu computador. Ao aceitar esse arquivo, ele \u00e9 criado e o cookie serve para ter informa\u00e7\u00f5es sobre o tr\u00e1fego da web e tamb\u00e9m facilitar futuras visitas recorrentes a um site. Outra fun\u00e7\u00e3o dos cookies \u00e9 que os sites podem reconhec\u00ea-lo individualmente e, portanto, fornecer o melhor servi\u00e7o personalizado em seus sites.<\/p><p>Nosso site usa cookies para identificar as p\u00e1ginas visitadas e sua frequ\u00eancia. Essas informa\u00e7\u00f5es s\u00e3o usadas apenas para an\u00e1lise estat\u00edstica e depois s\u00e3o exclu\u00eddas permanentemente. Voc\u00ea pode excluir cookies do seu computador a qualquer momento. No entanto, os cookies ajudam a fornecer um melhor servi\u00e7o dos sites; eles n\u00e3o d\u00e3o acesso a informa\u00e7\u00f5es sobre voc\u00ea ou seu computador, a menos que voc\u00ea escolha faz\u00ea-lo e as forne\u00e7a diretamente quando visitar um site.<\/p><p>Voc\u00ea pode aceitar ou negar o uso de cookies, no entanto, a maioria dos navegadores aceita cookies automaticamente, pois isso serve para fornecer um melhor servi\u00e7o web. Voc\u00ea tamb\u00e9m pode alterar as configura\u00e7\u00f5es do seu computador para recusar cookies. Se voc\u00ea recusar, talvez n\u00e3o consiga usar alguns dos nossos servi\u00e7os.<\/p>                        <\/div>\n                    <\/div>\n                                                        <div class=\"bdt-tab-content-item\" \n                    data-content-id=\"enlaces-a-terceros\">\n                        <div>\n                            <p>Este site pode conter links para outros sites que podem ser do seu interesse. Depois que voc\u00ea clica nesses links e sai da nossa p\u00e1gina, n\u00e3o temos mais controle sobre o site para o qual voc\u00ea \u00e9 redirecionado e, portanto, n\u00e3o somos respons\u00e1veis pelos termos de privacidade ou pela prote\u00e7\u00e3o dos seus dados nesses outros sites de terceiros. Esses sites est\u00e3o sujeitos \u00e0s suas pr\u00f3prias pol\u00edticas de privacidade, por isso recomendamos que voc\u00ea as revise para confirmar se concorda com elas.<\/p>                        <\/div>\n                    <\/div>\n                            <\/div>\n        <\/div>\n                    <a href=\"#\" id=\"bottom-anchor-7e68534-3673\" data-bdt-hidden><\/a>\n            <\/div>\n        <\/div>\n    \t\t\t\t<\/div>\n\t\t\t\t<\/div>\n\t\t\t\t\t<\/div>\n\t\t\t\t<\/div>\n\t\t<div class=\"elementor-element elementor-element-420ef03 e-flex e-con-boxed e-con e-parent\" data-id=\"420ef03\" data-element_type=\"container\" data-e-type=\"container\">\n\t\t\t\t\t<div class=\"e-con-inner\">\n\t\t\t\t<div class=\"elementor-element elementor-element-8d79036 elementor-widget elementor-widget-text-editor\" data-id=\"8d79036\" data-element_type=\"widget\" data-e-type=\"widget\" data-widget_type=\"text-editor.default\">\n\t\t\t\t<div class=\"elementor-widget-container\">\n\t\t\t\t\t\t\t\t\t<h2>Controle de suas informa\u00e7\u00f5es pessoais<\/h2><p>A qualquer momento, voc\u00ea pode restringir a coleta ou o uso de informa\u00e7\u00f5es pessoais fornecidas ao nosso site. Sempre que lhe for solicitado que preencha um formul\u00e1rio, como o formul\u00e1rio de registro de usu\u00e1rio, voc\u00ea pode selecionar ou desmarcar a op\u00e7\u00e3o de receber informa\u00e7\u00f5es por e-mail. Se voc\u00ea optou por receber nossa newsletter ou publicidade, voc\u00ea pode cancelar a assinatura a qualquer momento.<\/p><p>Esta empresa n\u00e3o vender\u00e1, ceder\u00e1 ou distribuir\u00e1 as informa\u00e7\u00f5es pessoais coletadas sem o seu consentimento, a menos que exigido por ordem judicial.<br \/>O Fertycare Group SC reserva-se o direito de alterar os termos desta Pol\u00edtica de Privacidade a qualquer momento.<\/p>\t\t\t\t\t\t\t\t<\/div>\n\t\t\t\t<\/div>\n\t\t\t\t\t<\/div>\n\t\t\t\t<\/div>\n\t\t\t\t<\/div>","protected":false},"excerpt":{"rendered":"<p>AVISO DE PRIVACIDAD El presente Pol\u00edtica de Privacidad establece los t\u00e9rminos en que Fertycare Group SC usa y protege la informaci\u00f3n que es proporcionada por sus usuarios al momento de utilizar su sitio web. Esta compa\u00f1\u00eda est\u00e1 comprometida con la seguridad de los datos de sus usuarios. Cuando le pedimos llenar los campos de informaci\u00f3n [&hellip;]<\/p>\n","protected":false},"author":2,"featured_media":0,"parent":0,"menu_order":0,"comment_status":"closed","ping_status":"closed","template":"","meta":{"inline_featured_image":false,"_monsterinsights_skip_tracking":false,"_monsterinsights_sitenote_active":false,"_monsterinsights_sitenote_note":"","_monsterinsights_sitenote_category":0,"_joinchat":[],"footnotes":""},"class_list":["post-10485","page","type-page","status-publish","hentry"],"yoast_head":"<!-- This site is optimized with the Yoast SEO plugin v27.4 - https:\/\/yoast.com\/product\/yoast-seo-wordpress\/ -->\n<title>Pol\u00edticas de privacidad | FertyCare<\/title>\n<meta name=\"robots\" content=\"index, follow, max-snippet:-1, max-image-preview:large, max-video-preview:-1\" \/>\n<link rel=\"canonical\" href=\"https:\/\/fertycare.com\/pt\/aviso-de-privacidade\/\" \/>\n<meta property=\"og:locale\" content=\"pt_BR\" \/>\n<meta property=\"og:type\" content=\"article\" \/>\n<meta property=\"og:title\" content=\"Pol\u00edticas de privacidad | FertyCare\" \/>\n<meta property=\"og:description\" content=\"AVISO DE PRIVACIDAD El presente Pol\u00edtica de Privacidad establece los t\u00e9rminos en que Fertycare Group SC usa y protege la informaci\u00f3n que es proporcionada por sus usuarios al momento de utilizar su sitio web. Esta compa\u00f1\u00eda est\u00e1 comprometida con la seguridad de los datos de sus usuarios. Cuando le pedimos llenar los campos de informaci\u00f3n [&hellip;]\" \/>\n<meta property=\"og:url\" content=\"https:\/\/fertycare.com\/pt\/aviso-de-privacidade\/\" \/>\n<meta property=\"og:site_name\" content=\"FertyCare\" \/>\n<meta property=\"article:publisher\" content=\"https:\/\/www.facebook.com\/fertycare\/\" \/>\n<meta property=\"article:modified_time\" content=\"2025-02-14T22:30:22+00:00\" \/>\n<meta property=\"og:image\" content=\"https:\/\/fertycare.com\/wp-content\/uploads\/2023\/06\/Portada-FertyCare.jpg\" \/>\n\t<meta property=\"og:image:width\" content=\"1200\" \/>\n\t<meta property=\"og:image:height\" content=\"675\" \/>\n\t<meta property=\"og:image:type\" content=\"image\/jpeg\" \/>\n<meta name=\"twitter:card\" content=\"summary_large_image\" \/>\n<meta name=\"twitter:label1\" content=\"Est. tempo de leitura\" \/>\n\t<meta name=\"twitter:data1\" content=\"4 minutos\" \/>\n<script type=\"application\/ld+json\" class=\"yoast-schema-graph\">{\"@context\":\"https:\\\/\\\/schema.org\",\"@graph\":[{\"@type\":\"WebPage\",\"@id\":\"https:\\\/\\\/fertycare.com\\\/aviso-de-privacidad\\\/\",\"url\":\"https:\\\/\\\/fertycare.com\\\/aviso-de-privacidad\\\/\",\"name\":\"Pol\u00edticas de privacidad | FertyCare\",\"isPartOf\":{\"@id\":\"https:\\\/\\\/fertycare.com\\\/#website\"},\"datePublished\":\"2020-11-14T02:01:30+00:00\",\"dateModified\":\"2025-02-14T22:30:22+00:00\",\"breadcrumb\":{\"@id\":\"https:\\\/\\\/fertycare.com\\\/aviso-de-privacidad\\\/#breadcrumb\"},\"inLanguage\":\"pt-BR\",\"potentialAction\":[{\"@type\":\"ReadAction\",\"target\":[\"https:\\\/\\\/fertycare.com\\\/aviso-de-privacidad\\\/\"]}]},{\"@type\":\"BreadcrumbList\",\"@id\":\"https:\\\/\\\/fertycare.com\\\/aviso-de-privacidad\\\/#breadcrumb\",\"itemListElement\":[{\"@type\":\"ListItem\",\"position\":1,\"name\":\"Inicio\",\"item\":\"https:\\\/\\\/fertycare.com\\\/\"},{\"@type\":\"ListItem\",\"position\":2,\"name\":\"Pol\u00edticas de privacidad\"}]},{\"@type\":\"WebSite\",\"@id\":\"https:\\\/\\\/fertycare.com\\\/#website\",\"url\":\"https:\\\/\\\/fertycare.com\\\/\",\"name\":\"FertyCare\",\"description\":\"Fertilidad y Servicios M\u00e9dicos de Calidad Accesibles\",\"publisher\":{\"@id\":\"https:\\\/\\\/fertycare.com\\\/#organization\"},\"alternateName\":\"FC\",\"potentialAction\":[{\"@type\":\"SearchAction\",\"target\":{\"@type\":\"EntryPoint\",\"urlTemplate\":\"https:\\\/\\\/fertycare.com\\\/?s={search_term_string}\"},\"query-input\":{\"@type\":\"PropertyValueSpecification\",\"valueRequired\":true,\"valueName\":\"search_term_string\"}}],\"inLanguage\":\"pt-BR\"},{\"@type\":\"Organization\",\"@id\":\"https:\\\/\\\/fertycare.com\\\/#organization\",\"name\":\"FertyCare | Especialistas en Fertilidad\",\"alternateName\":\"FC\",\"url\":\"https:\\\/\\\/fertycare.com\\\/\",\"logo\":{\"@type\":\"ImageObject\",\"inLanguage\":\"pt-BR\",\"@id\":\"https:\\\/\\\/fertycare.com\\\/#\\\/schema\\\/logo\\\/image\\\/\",\"url\":\"https:\\\/\\\/fertycare.com\\\/wp-content\\\/uploads\\\/2020\\\/10\\\/logo-03.svg\",\"contentUrl\":\"https:\\\/\\\/fertycare.com\\\/wp-content\\\/uploads\\\/2020\\\/10\\\/logo-03.svg\",\"width\":459,\"height\":179,\"caption\":\"FertyCare | Especialistas en Fertilidad\"},\"image\":{\"@id\":\"https:\\\/\\\/fertycare.com\\\/#\\\/schema\\\/logo\\\/image\\\/\"},\"sameAs\":[\"https:\\\/\\\/www.facebook.com\\\/fertycare\\\/\",\"https:\\\/\\\/www.instagram.com\\\/fertycare\\\/\",\"https:\\\/\\\/www.youtube.com\\\/channel\\\/UCSAMhfofTi2TsJJ9pJC2H5Q\"]}]}<\/script>\n<!-- \/ Yoast SEO plugin. -->","yoast_head_json":{"title":"Pol\u00edticas de Privacidade | FertyCare","robots":{"index":"index","follow":"follow","max-snippet":"max-snippet:-1","max-image-preview":"max-image-preview:large","max-video-preview":"max-video-preview:-1"},"canonical":"https:\/\/fertycare.com\/pt\/aviso-de-privacidade\/","og_locale":"pt_BR","og_type":"article","og_title":"Pol\u00edticas de privacidad | FertyCare","og_description":"AVISO DE PRIVACIDAD El presente Pol\u00edtica de Privacidad establece los t\u00e9rminos en que Fertycare Group SC usa y protege la informaci\u00f3n que es proporcionada por sus usuarios al momento de utilizar su sitio web. Esta compa\u00f1\u00eda est\u00e1 comprometida con la seguridad de los datos de sus usuarios. Cuando le pedimos llenar los campos de informaci\u00f3n [&hellip;]","og_url":"https:\/\/fertycare.com\/pt\/aviso-de-privacidade\/","og_site_name":"FertyCare","article_publisher":"https:\/\/www.facebook.com\/fertycare\/","article_modified_time":"2025-02-14T22:30:22+00:00","og_image":[{"width":1200,"height":675,"url":"https:\/\/fertycare.com\/wp-content\/uploads\/2023\/06\/Portada-FertyCare.jpg","type":"image\/jpeg"}],"twitter_card":"summary_large_image","twitter_misc":{"Est. tempo de leitura":"4 minutos"},"schema":{"@context":"https:\/\/schema.org","@graph":[{"@type":"WebPage","@id":"https:\/\/fertycare.com\/aviso-de-privacidad\/","url":"https:\/\/fertycare.com\/aviso-de-privacidad\/","name":"Pol\u00edticas de Privacidade | FertyCare","isPartOf":{"@id":"https:\/\/fertycare.com\/#website"},"datePublished":"2020-11-14T02:01:30+00:00","dateModified":"2025-02-14T22:30:22+00:00","breadcrumb":{"@id":"https:\/\/fertycare.com\/aviso-de-privacidad\/#breadcrumb"},"inLanguage":"pt-BR","potentialAction":[{"@type":"ReadAction","target":["https:\/\/fertycare.com\/aviso-de-privacidad\/"]}]},{"@type":"BreadcrumbList","@id":"https:\/\/fertycare.com\/aviso-de-privacidad\/#breadcrumb","itemListElement":[{"@type":"ListItem","position":1,"name":"Inicio","item":"https:\/\/fertycare.com\/"},{"@type":"ListItem","position":2,"name":"Pol\u00edticas de privacidad"}]},{"@type":"WebSite","@id":"https:\/\/fertycare.com\/#website","url":"https:\/\/fertycare.com\/","name":"FertyCare","description":"Fertilidade e servi\u00e7os m\u00e9dicos de qualidade a pre\u00e7os acess\u00edveis","publisher":{"@id":"https:\/\/fertycare.com\/#organization"},"alternateName":"FC","potentialAction":[{"@type":"SearchAction","target":{"@type":"EntryPoint","urlTemplate":"https:\/\/fertycare.com\/?s={search_term_string}"},"query-input":{"@type":"PropertyValueSpecification","valueRequired":true,"valueName":"search_term_string"}}],"inLanguage":"pt-BR"},{"@type":"Organization","@id":"https:\/\/fertycare.com\/#organization","name":"FertyCare | Especialistas em Fertilidade","alternateName":"FC","url":"https:\/\/fertycare.com\/","logo":{"@type":"ImageObject","inLanguage":"pt-BR","@id":"https:\/\/fertycare.com\/#\/schema\/logo\/image\/","url":"https:\/\/fertycare.com\/wp-content\/uploads\/2020\/10\/logo-03.svg","contentUrl":"https:\/\/fertycare.com\/wp-content\/uploads\/2020\/10\/logo-03.svg","width":459,"height":179,"caption":"FertyCare | Especialistas en Fertilidad"},"image":{"@id":"https:\/\/fertycare.com\/#\/schema\/logo\/image\/"},"sameAs":["https:\/\/www.facebook.com\/fertycare\/","https:\/\/www.instagram.com\/fertycare\/","https:\/\/www.youtube.com\/channel\/UCSAMhfofTi2TsJJ9pJC2H5Q"]}]}},"_links":{"self":[{"href":"https:\/\/fertycare.com\/pt\/wp-json\/wp\/v2\/pages\/10485","targetHints":{"allow":["GET"]}}],"collection":[{"href":"https:\/\/fertycare.com\/pt\/wp-json\/wp\/v2\/pages"}],"about":[{"href":"https:\/\/fertycare.com\/pt\/wp-json\/wp\/v2\/types\/page"}],"author":[{"embeddable":true,"href":"https:\/\/fertycare.com\/pt\/wp-json\/wp\/v2\/users\/2"}],"replies":[{"embeddable":true,"href":"https:\/\/fertycare.com\/pt\/wp-json\/wp\/v2\/comments?post=10485"}],"version-history":[{"count":0,"href":"https:\/\/fertycare.com\/pt\/wp-json\/wp\/v2\/pages\/10485\/revisions"}],"wp:attachment":[{"href":"https:\/\/fertycare.com\/pt\/wp-json\/wp\/v2\/media?parent=10485"}],"curies":[{"name":"wp","href":"https:\/\/api.w.org\/{rel}","templated":true}]}}